{"id":11070,"date":"2025-10-15T22:15:09","date_gmt":"2025-10-15T19:15:09","guid":{"rendered":"https:\/\/www.kadindayanismavakfi.org.tr\/our-supporters\/"},"modified":"2025-10-15T22:15:10","modified_gmt":"2025-10-15T19:15:10","slug":"our-supporters","status":"publish","type":"page","link":"https:\/\/www.kadindayanismavakfi.org.tr\/en\/our-supporters\/","title":{"rendered":"Our Supporters"},"content":{"rendered":"<section class=\"l-section wpb_row height_auto\"><div class=\"l-section-h i-cf\"><div class=\"g-cols vc_row via_flex valign_middle type_default stacking_default\"><div class=\"vc_col-sm-12 wpb_column vc_column_container\"><div class=\"vc_column-inner\"><div class=\"wpb_wrapper\"><div class=\"g-cols wpb_row us_custom_8155fbb7 via_flex valign_middle type_default stacking_default\"><div class=\"vc_col-sm-12 wpb_column vc_column_container\"><div class=\"vc_column-inner\"><div class=\"wpb_wrapper\"><div class=\"wpb_text_column\"><div class=\"wpb_wrapper\"><h1 style=\"text-align: center;\">Our Supporters<\/h1>\n<\/div><\/div><\/div><\/div><\/div><\/div><\/div><\/div><\/div><\/div><\/div><\/section><section class=\"l-section wpb_row height_custom\"><div class=\"l-section-h i-cf\"><div class=\"g-cols vc_row via_flex valign_top type_default stacking_default\"><div class=\"vc_col-sm-12 wpb_column vc_column_container\"><div class=\"vc_column-inner\"><div class=\"wpb_wrapper\"><div class=\"wpb_text_column\"><div class=\"wpb_wrapper\"><p style=\"padding-left: 40px;\">Our project &#8220;Strengthening Women&#8217;s Solidarity through Women&#8217;s Counseling Center&#8221; is supported by the Gender Equality Fund 2022, implemented in cooperation with the Support Foundation for Civil Society and Turkey Mozaik Foundation.<\/p>\n<p style=\"text-align: left;\">                                                                                                    <img loading=\"lazy\" decoding=\"async\" class=\"alignnone wp-image-10008\" src=\"https:\/\/www.kadindayanismavakfi.org.tr\/wp-content\/uploads\/2022\/07\/Mozaik-koyu-_-cizgili-logo-Beyaz-zeminde-kullanim-icin-e1656928586324-300x189.png\" alt=\"\" width=\"113\" height=\"71\" srcset=\"https:\/\/www.kadindayanismavakfi.org.tr\/wp-content\/uploads\/2022\/07\/Mozaik-koyu-_-cizgili-logo-Beyaz-zeminde-kullanim-icin-e1656928586324-300x189.png 300w, https:\/\/www.kadindayanismavakfi.org.tr\/wp-content\/uploads\/2022\/07\/Mozaik-koyu-_-cizgili-logo-Beyaz-zeminde-kullanim-icin-e1656928586324.png 1000w\" sizes=\"auto, (max-width: 113px) 100vw, 113px\" \/>                 <img loading=\"lazy\" decoding=\"async\" class=\"alignnone wp-image-10005\" src=\"https:\/\/www.kadindayanismavakfi.org.tr\/wp-content\/uploads\/2022\/07\/sivil_toplum_destek_logo-300x295.jpg\" alt=\"\" width=\"87\" height=\"85\"><\/p>\n<p>&nbsp;<\/p>\n<\/div><\/div><\/div><\/div><\/div><\/div><\/div><\/section>\n","protected":false},"excerpt":{"rendered":"Our Supporters Our project &#8220;Strengthening Women&#8217;s Solidarity through Women&#8217;s Counseling Center&#8221; is supported by the Gender Equality Fund 2022, implemented in cooperation with the Support Foundation for Civil Society and Turkey Mozaik Foundation. &nbsp;","protected":false},"author":2,"featured_media":0,"parent":0,"menu_order":0,"comment_status":"closed","ping_status":"closed","template":"","meta":{"_acf_changed":false,"footnotes":""},"class_list":["post-11070","page","type-page","status-publish","hentry"],"acf":[],"yoast_head":"<!-- This site is optimized with the Yoast SEO plugin v26.1.1 - https:\/\/yoast.com\/wordpress\/plugins\/seo\/ -->\n<title>Our Supporters - Kad\u0131n Dayan\u0131\u015fma Vakf\u0131<\/title>\n<meta name=\"robots\" content=\"index, follow, max-snippet:-1, max-image-preview:large, max-video-preview:-1\" \/>\n<link rel=\"canonical\" href=\"https:\/\/www.kadindayanismavakfi.org.tr\/en\/our-supporters\/\" \/>\n<meta property=\"og:locale\" content=\"en_US\" \/>\n<meta property=\"og:type\" content=\"article\" \/>\n<meta property=\"og:title\" content=\"Our Supporters - Kad\u0131n Dayan\u0131\u015fma Vakf\u0131\" \/>\n<meta property=\"og:url\" content=\"https:\/\/www.kadindayanismavakfi.org.tr\/en\/our-supporters\/\" \/>\n<meta property=\"og:site_name\" content=\"Kad\u0131n Dayan\u0131\u015fma Vakf\u0131\" \/>\n<meta property=\"article:modified_time\" content=\"2025-10-15T19:15:10+00:00\" \/>\n<meta property=\"og:image\" content=\"https:\/\/www.kadindayanismavakfi.org.tr\/wp-content\/uploads\/2022\/07\/Mozaik-koyu-_-cizgili-logo-Beyaz-zeminde-kullanim-icin-e1656928586324.png\" \/>\n\t<meta property=\"og:image:width\" content=\"1000\" \/>\n\t<meta property=\"og:image:height\" content=\"630\" \/>\n\t<meta property=\"og:image:type\" content=\"image\/png\" \/>\n<meta name=\"twitter:card\" content=\"summary_large_image\" \/>\n<script type=\"application\/ld+json\" class=\"yoast-schema-graph\">{\"@context\":\"https:\/\/schema.org\",\"@graph\":[{\"@type\":\"WebPage\",\"@id\":\"https:\/\/www.kadindayanismavakfi.org.tr\/en\/our-supporters\/\",\"url\":\"https:\/\/www.kadindayanismavakfi.org.tr\/en\/our-supporters\/\",\"name\":\"Our Supporters - Kad\u0131n Dayan\u0131\u015fma Vakf\u0131\",\"isPartOf\":{\"@id\":\"https:\/\/www.kadindayanismavakfi.org.tr\/en\/#website\"},\"primaryImageOfPage\":{\"@id\":\"https:\/\/www.kadindayanismavakfi.org.tr\/en\/our-supporters\/#primaryimage\"},\"image\":{\"@id\":\"https:\/\/www.kadindayanismavakfi.org.tr\/en\/our-supporters\/#primaryimage\"},\"thumbnailUrl\":\"https:\/\/www.kadindayanismavakfi.org.tr\/wp-content\/uploads\/2022\/07\/Mozaik-koyu-_-cizgili-logo-Beyaz-zeminde-kullanim-icin-e1656928586324-300x189.png\",\"datePublished\":\"2025-10-15T19:15:09+00:00\",\"dateModified\":\"2025-10-15T19:15:10+00:00\",\"breadcrumb\":{\"@id\":\"https:\/\/www.kadindayanismavakfi.org.tr\/en\/our-supporters\/#breadcrumb\"},\"inLanguage\":\"en-US\",\"potentialAction\":[{\"@type\":\"ReadAction\",\"target\":[\"https:\/\/www.kadindayanismavakfi.org.tr\/en\/our-supporters\/\"]}]},{\"@type\":\"ImageObject\",\"inLanguage\":\"en-US\",\"@id\":\"https:\/\/www.kadindayanismavakfi.org.tr\/en\/our-supporters\/#primaryimage\",\"url\":\"https:\/\/www.kadindayanismavakfi.org.tr\/wp-content\/uploads\/2022\/07\/Mozaik-koyu-_-cizgili-logo-Beyaz-zeminde-kullanim-icin-e1656928586324-300x189.png\",\"contentUrl\":\"https:\/\/www.kadindayanismavakfi.org.tr\/wp-content\/uploads\/2022\/07\/Mozaik-koyu-_-cizgili-logo-Beyaz-zeminde-kullanim-icin-e1656928586324-300x189.png\"},{\"@type\":\"BreadcrumbList\",\"@id\":\"https:\/\/www.kadindayanismavakfi.org.tr\/en\/our-supporters\/#breadcrumb\",\"itemListElement\":[{\"@type\":\"ListItem\",\"position\":1,\"name\":\"Anasayfa\",\"item\":\"https:\/\/www.kadindayanismavakfi.org.tr\/en\/\"},{\"@type\":\"ListItem\",\"position\":2,\"name\":\"Our Supporters\"}]},{\"@type\":\"WebSite\",\"@id\":\"https:\/\/www.kadindayanismavakfi.org.tr\/en\/#website\",\"url\":\"https:\/\/www.kadindayanismavakfi.org.tr\/en\/\",\"name\":\"Kad\u0131n Dayan\u0131\u015fma Vakf\u0131\",\"description\":\"\",\"potentialAction\":[{\"@type\":\"SearchAction\",\"target\":{\"@type\":\"EntryPoint\",\"urlTemplate\":\"https:\/\/www.kadindayanismavakfi.org.tr\/en\/?s={search_term_string}\"},\"query-input\":{\"@type\":\"PropertyValueSpecification\",\"valueRequired\":true,\"valueName\":\"search_term_string\"}}],\"inLanguage\":\"en-US\"}]}<\/script>\n<!-- \/ Yoast SEO plugin. -->","yoast_head_json":{"title":"Our Supporters - Kad\u0131n Dayan\u0131\u015fma Vakf\u0131","robots":{"index":"index","follow":"follow","max-snippet":"max-snippet:-1","max-image-preview":"max-image-preview:large","max-video-preview":"max-video-preview:-1"},"canonical":"https:\/\/www.kadindayanismavakfi.org.tr\/en\/our-supporters\/","og_locale":"en_US","og_type":"article","og_title":"Our Supporters - Kad\u0131n Dayan\u0131\u015fma Vakf\u0131","og_url":"https:\/\/www.kadindayanismavakfi.org.tr\/en\/our-supporters\/","og_site_name":"Kad\u0131n Dayan\u0131\u015fma Vakf\u0131","article_modified_time":"2025-10-15T19:15:10+00:00","og_image":[{"width":1000,"height":630,"url":"https:\/\/www.kadindayanismavakfi.org.tr\/wp-content\/uploads\/2022\/07\/Mozaik-koyu-_-cizgili-logo-Beyaz-zeminde-kullanim-icin-e1656928586324.png","type":"image\/png"}],"twitter_card":"summary_large_image","schema":{"@context":"https:\/\/schema.org","@graph":[{"@type":"WebPage","@id":"https:\/\/www.kadindayanismavakfi.org.tr\/en\/our-supporters\/","url":"https:\/\/www.kadindayanismavakfi.org.tr\/en\/our-supporters\/","name":"Our Supporters - Kad\u0131n Dayan\u0131\u015fma Vakf\u0131","isPartOf":{"@id":"https:\/\/www.kadindayanismavakfi.org.tr\/en\/#website"},"primaryImageOfPage":{"@id":"https:\/\/www.kadindayanismavakfi.org.tr\/en\/our-supporters\/#primaryimage"},"image":{"@id":"https:\/\/www.kadindayanismavakfi.org.tr\/en\/our-supporters\/#primaryimage"},"thumbnailUrl":"https:\/\/www.kadindayanismavakfi.org.tr\/wp-content\/uploads\/2022\/07\/Mozaik-koyu-_-cizgili-logo-Beyaz-zeminde-kullanim-icin-e1656928586324-300x189.png","datePublished":"2025-10-15T19:15:09+00:00","dateModified":"2025-10-15T19:15:10+00:00","breadcrumb":{"@id":"https:\/\/www.kadindayanismavakfi.org.tr\/en\/our-supporters\/#breadcrumb"},"inLanguage":"en-US","potentialAction":[{"@type":"ReadAction","target":["https:\/\/www.kadindayanismavakfi.org.tr\/en\/our-supporters\/"]}]},{"@type":"ImageObject","inLanguage":"en-US","@id":"https:\/\/www.kadindayanismavakfi.org.tr\/en\/our-supporters\/#primaryimage","url":"https:\/\/www.kadindayanismavakfi.org.tr\/wp-content\/uploads\/2022\/07\/Mozaik-koyu-_-cizgili-logo-Beyaz-zeminde-kullanim-icin-e1656928586324-300x189.png","contentUrl":"https:\/\/www.kadindayanismavakfi.org.tr\/wp-content\/uploads\/2022\/07\/Mozaik-koyu-_-cizgili-logo-Beyaz-zeminde-kullanim-icin-e1656928586324-300x189.png"},{"@type":"BreadcrumbList","@id":"https:\/\/www.kadindayanismavakfi.org.tr\/en\/our-supporters\/#breadcrumb","itemListElement":[{"@type":"ListItem","position":1,"name":"Anasayfa","item":"https:\/\/www.kadindayanismavakfi.org.tr\/en\/"},{"@type":"ListItem","position":2,"name":"Our Supporters"}]},{"@type":"WebSite","@id":"https:\/\/www.kadindayanismavakfi.org.tr\/en\/#website","url":"https:\/\/www.kadindayanismavakfi.org.tr\/en\/","name":"Kad\u0131n Dayan\u0131\u015fma Vakf\u0131","description":"","potentialAction":[{"@type":"SearchAction","target":{"@type":"EntryPoint","urlTemplate":"https:\/\/www.kadindayanismavakfi.org.tr\/en\/?s={search_term_string}"},"query-input":{"@type":"PropertyValueSpecification","valueRequired":true,"valueName":"search_term_string"}}],"inLanguage":"en-US"}]}},"_links":{"self":[{"href":"https:\/\/www.kadindayanismavakfi.org.tr\/en\/wp-json\/wp\/v2\/pages\/11070","targetHints":{"allow":["GET"]}}],"collection":[{"href":"https:\/\/www.kadindayanismavakfi.org.tr\/en\/wp-json\/wp\/v2\/pages"}],"about":[{"href":"https:\/\/www.kadindayanismavakfi.org.tr\/en\/wp-json\/wp\/v2\/types\/page"}],"author":[{"embeddable":true,"href":"https:\/\/www.kadindayanismavakfi.org.tr\/en\/wp-json\/wp\/v2\/users\/2"}],"replies":[{"embeddable":true,"href":"https:\/\/www.kadindayanismavakfi.org.tr\/en\/wp-json\/wp\/v2\/comments?post=11070"}],"version-history":[{"count":2,"href":"https:\/\/www.kadindayanismavakfi.org.tr\/en\/wp-json\/wp\/v2\/pages\/11070\/revisions"}],"predecessor-version":[{"id":11072,"href":"https:\/\/www.kadindayanismavakfi.org.tr\/en\/wp-json\/wp\/v2\/pages\/11070\/revisions\/11072"}],"wp:attachment":[{"href":"https:\/\/www.kadindayanismavakfi.org.tr\/en\/wp-json\/wp\/v2\/media?parent=11070"}],"curies":[{"name":"wp","href":"https:\/\/api.w.org\/{rel}","templated":true}]}}