{"id":11073,"date":"2025-10-15T22:18:03","date_gmt":"2025-10-15T19:18:03","guid":{"rendered":"https:\/\/www.kadindayanismavakfi.org.tr\/corporate-logo\/"},"modified":"2026-02-08T21:39:26","modified_gmt":"2026-02-08T18:39:26","slug":"our-logo","status":"publish","type":"page","link":"https:\/\/www.kadindayanismavakfi.org.tr\/en\/our-logo\/","title":{"rendered":"Our Logo"},"content":{"rendered":"<section class=\"l-section wpb_row height_custom\"><div class=\"l-section-h i-cf\"><div class=\"g-cols vc_row via_flex valign_top type_default stacking_default\"><div class=\"vc_col-sm-12 wpb_column vc_column_container\"><div class=\"vc_column-inner\"><div class=\"wpb_wrapper\"><div class=\"w-iconbox iconpos_top style_default color_primary align_center no_text\"><a title=\"Vector Logo\" href=\"https:\/\/www.kadindayanismavakfi.org.tr\/wp-content\/uploads\/2021\/05\/Kadin-Dayanisma-Vakfi_RGB_LOGO_Transparan.pdf\" class=\"w-iconbox-link\" aria-label=\"Click to download our vector logo in PDF format\"><div class=\"w-iconbox-icon\" style=\"font-size:2rem;\"><i class=\"fas fa-file-pdf\"><\/i><\/div><\/a><div class=\"w-iconbox-meta\"><h4 class=\"w-iconbox-title\"><a title=\"Vector Logo\" href=\"https:\/\/www.kadindayanismavakfi.org.tr\/wp-content\/uploads\/2021\/05\/Kadin-Dayanisma-Vakfi_RGB_LOGO_Transparan.pdf\" class=\"w-iconbox-link\" aria-label=\"Click to download our vector logo in PDF format\">Click to download our vector logo in PDF format<\/a><\/h4><\/div><\/div><div class=\"w-separator size_medium\"><\/div><div class=\"w-iconbox iconpos_top style_default color_primary align_center no_text\"><a title=\"Vector Logo\" href=\"https:\/\/www.kadindayanismavakfi.org.tr\/wp-content\/uploads\/2016\/12\/Logo-kare.png\" class=\"w-iconbox-link\" aria-label=\"Click to download our vector logo in PNG format\"><div class=\"w-iconbox-icon\" style=\"font-size:2rem;\"><i class=\"fas fa-file-pdf\"><\/i><\/div><\/a><div class=\"w-iconbox-meta\"><h4 class=\"w-iconbox-title\"><a title=\"Vector Logo\" href=\"https:\/\/www.kadindayanismavakfi.org.tr\/wp-content\/uploads\/2016\/12\/Logo-kare.png\" class=\"w-iconbox-link\" aria-label=\"Click to download our vector logo in PNG format\">Click to download our vector logo in PNG format<\/a><\/h4><\/div><\/div><\/div><\/div><\/div><\/div><\/div><\/section>\n","protected":false},"excerpt":{"rendered":"Click to download our vector logo in PDF formatClick to download our vector logo in PNG format","protected":false},"author":1,"featured_media":0,"parent":0,"menu_order":0,"comment_status":"closed","ping_status":"closed","template":"","meta":{"_acf_changed":false,"footnotes":""},"class_list":["post-11073","page","type-page","status-publish","hentry"],"acf":[],"yoast_head":"<!-- This site is optimized with the Yoast SEO plugin v26.1.1 - https:\/\/yoast.com\/wordpress\/plugins\/seo\/ -->\n<title>Our Logo - Kad\u0131n Dayan\u0131\u015fma Vakf\u0131<\/title>\n<meta name=\"robots\" content=\"index, follow, max-snippet:-1, max-image-preview:large, max-video-preview:-1\" \/>\n<link rel=\"canonical\" href=\"https:\/\/www.kadindayanismavakfi.org.tr\/en\/our-logo\/\" \/>\n<meta property=\"og:locale\" content=\"en_US\" \/>\n<meta property=\"og:type\" content=\"article\" \/>\n<meta property=\"og:title\" content=\"Our Logo - Kad\u0131n Dayan\u0131\u015fma Vakf\u0131\" \/>\n<meta property=\"og:url\" content=\"https:\/\/www.kadindayanismavakfi.org.tr\/en\/our-logo\/\" \/>\n<meta property=\"og:site_name\" content=\"Kad\u0131n Dayan\u0131\u015fma Vakf\u0131\" \/>\n<meta property=\"article:modified_time\" content=\"2026-02-08T18:39:26+00:00\" \/>\n<meta name=\"twitter:card\" content=\"summary_large_image\" \/>\n<meta name=\"twitter:label1\" content=\"Est. reading time\" \/>\n\t<meta name=\"twitter:data1\" content=\"1 minute\" \/>\n<script type=\"application\/ld+json\" class=\"yoast-schema-graph\">{\"@context\":\"https:\/\/schema.org\",\"@graph\":[{\"@type\":\"WebPage\",\"@id\":\"https:\/\/www.kadindayanismavakfi.org.tr\/en\/our-logo\/\",\"url\":\"https:\/\/www.kadindayanismavakfi.org.tr\/en\/our-logo\/\",\"name\":\"Our Logo - Kad\u0131n Dayan\u0131\u015fma Vakf\u0131\",\"isPartOf\":{\"@id\":\"https:\/\/www.kadindayanismavakfi.org.tr\/en\/#website\"},\"datePublished\":\"2025-10-15T19:18:03+00:00\",\"dateModified\":\"2026-02-08T18:39:26+00:00\",\"breadcrumb\":{\"@id\":\"https:\/\/www.kadindayanismavakfi.org.tr\/en\/our-logo\/#breadcrumb\"},\"inLanguage\":\"en-US\",\"potentialAction\":[{\"@type\":\"ReadAction\",\"target\":[\"https:\/\/www.kadindayanismavakfi.org.tr\/en\/our-logo\/\"]}]},{\"@type\":\"BreadcrumbList\",\"@id\":\"https:\/\/www.kadindayanismavakfi.org.tr\/en\/our-logo\/#breadcrumb\",\"itemListElement\":[{\"@type\":\"ListItem\",\"position\":1,\"name\":\"Anasayfa\",\"item\":\"https:\/\/www.kadindayanismavakfi.org.tr\/en\/\"},{\"@type\":\"ListItem\",\"position\":2,\"name\":\"Our Logo\"}]},{\"@type\":\"WebSite\",\"@id\":\"https:\/\/www.kadindayanismavakfi.org.tr\/en\/#website\",\"url\":\"https:\/\/www.kadindayanismavakfi.org.tr\/en\/\",\"name\":\"Kad\u0131n Dayan\u0131\u015fma Vakf\u0131\",\"description\":\"\",\"potentialAction\":[{\"@type\":\"SearchAction\",\"target\":{\"@type\":\"EntryPoint\",\"urlTemplate\":\"https:\/\/www.kadindayanismavakfi.org.tr\/en\/?s={search_term_string}\"},\"query-input\":{\"@type\":\"PropertyValueSpecification\",\"valueRequired\":true,\"valueName\":\"search_term_string\"}}],\"inLanguage\":\"en-US\"}]}<\/script>\n<!-- \/ Yoast SEO plugin. -->","yoast_head_json":{"title":"Our Logo - Kad\u0131n Dayan\u0131\u015fma Vakf\u0131","robots":{"index":"index","follow":"follow","max-snippet":"max-snippet:-1","max-image-preview":"max-image-preview:large","max-video-preview":"max-video-preview:-1"},"canonical":"https:\/\/www.kadindayanismavakfi.org.tr\/en\/our-logo\/","og_locale":"en_US","og_type":"article","og_title":"Our Logo - Kad\u0131n Dayan\u0131\u015fma Vakf\u0131","og_url":"https:\/\/www.kadindayanismavakfi.org.tr\/en\/our-logo\/","og_site_name":"Kad\u0131n Dayan\u0131\u015fma Vakf\u0131","article_modified_time":"2026-02-08T18:39:26+00:00","twitter_card":"summary_large_image","twitter_misc":{"Est. reading time":"1 minute"},"schema":{"@context":"https:\/\/schema.org","@graph":[{"@type":"WebPage","@id":"https:\/\/www.kadindayanismavakfi.org.tr\/en\/our-logo\/","url":"https:\/\/www.kadindayanismavakfi.org.tr\/en\/our-logo\/","name":"Our Logo - Kad\u0131n Dayan\u0131\u015fma Vakf\u0131","isPartOf":{"@id":"https:\/\/www.kadindayanismavakfi.org.tr\/en\/#website"},"datePublished":"2025-10-15T19:18:03+00:00","dateModified":"2026-02-08T18:39:26+00:00","breadcrumb":{"@id":"https:\/\/www.kadindayanismavakfi.org.tr\/en\/our-logo\/#breadcrumb"},"inLanguage":"en-US","potentialAction":[{"@type":"ReadAction","target":["https:\/\/www.kadindayanismavakfi.org.tr\/en\/our-logo\/"]}]},{"@type":"BreadcrumbList","@id":"https:\/\/www.kadindayanismavakfi.org.tr\/en\/our-logo\/#breadcrumb","itemListElement":[{"@type":"ListItem","position":1,"name":"Anasayfa","item":"https:\/\/www.kadindayanismavakfi.org.tr\/en\/"},{"@type":"ListItem","position":2,"name":"Our Logo"}]},{"@type":"WebSite","@id":"https:\/\/www.kadindayanismavakfi.org.tr\/en\/#website","url":"https:\/\/www.kadindayanismavakfi.org.tr\/en\/","name":"Kad\u0131n Dayan\u0131\u015fma Vakf\u0131","description":"","potentialAction":[{"@type":"SearchAction","target":{"@type":"EntryPoint","urlTemplate":"https:\/\/www.kadindayanismavakfi.org.tr\/en\/?s={search_term_string}"},"query-input":{"@type":"PropertyValueSpecification","valueRequired":true,"valueName":"search_term_string"}}],"inLanguage":"en-US"}]}},"_links":{"self":[{"href":"https:\/\/www.kadindayanismavakfi.org.tr\/en\/wp-json\/wp\/v2\/pages\/11073","targetHints":{"allow":["GET"]}}],"collection":[{"href":"https:\/\/www.kadindayanismavakfi.org.tr\/en\/wp-json\/wp\/v2\/pages"}],"about":[{"href":"https:\/\/www.kadindayanismavakfi.org.tr\/en\/wp-json\/wp\/v2\/types\/page"}],"author":[{"embeddable":true,"href":"https:\/\/www.kadindayanismavakfi.org.tr\/en\/wp-json\/wp\/v2\/users\/1"}],"replies":[{"embeddable":true,"href":"https:\/\/www.kadindayanismavakfi.org.tr\/en\/wp-json\/wp\/v2\/comments?post=11073"}],"version-history":[{"count":4,"href":"https:\/\/www.kadindayanismavakfi.org.tr\/en\/wp-json\/wp\/v2\/pages\/11073\/revisions"}],"predecessor-version":[{"id":11368,"href":"https:\/\/www.kadindayanismavakfi.org.tr\/en\/wp-json\/wp\/v2\/pages\/11073\/revisions\/11368"}],"wp:attachment":[{"href":"https:\/\/www.kadindayanismavakfi.org.tr\/en\/wp-json\/wp\/v2\/media?parent=11073"}],"curies":[{"name":"wp","href":"https:\/\/api.w.org\/{rel}","templated":true}]}}