{"id":11114,"date":"2025-10-16T13:05:55","date_gmt":"2025-10-16T10:05:55","guid":{"rendered":"https:\/\/www.kadindayanismavakfi.org.tr\/board-of-directors\/"},"modified":"2026-02-06T18:12:33","modified_gmt":"2026-02-06T15:12:33","slug":"board-of-directors","status":"publish","type":"page","link":"https:\/\/www.kadindayanismavakfi.org.tr\/en\/board-of-directors\/","title":{"rendered":"Board of Directors"},"content":{"rendered":"<section class=\"l-section wpb_row height_auto\"><div class=\"l-section-h i-cf\"><div class=\"g-cols vc_row via_flex valign_middle type_default stacking_default\"><div class=\"vc_col-sm-12 wpb_column vc_column_container\"><div class=\"vc_column-inner\"><div class=\"wpb_wrapper\"><div class=\"g-cols wpb_row us_custom_54e97a17 via_flex valign_middle type_default stacking_default\"><div class=\"vc_col-sm-12 wpb_column vc_column_container\"><div class=\"vc_column-inner\"><div class=\"wpb_wrapper\"><div class=\"wpb_text_column us_custom_836f727b has_text_color\"><div class=\"wpb_wrapper\"><h1 style=\"text-align: center;\">Board of Directors<\/h1>\n<\/div><\/div><\/div><\/div><\/div><\/div><\/div><\/div><\/div><\/div><\/div><\/section><section class=\"l-section wpb_row height_custom\"><div class=\"l-section-h i-cf\"><div class=\"g-cols vc_row via_flex valign_top type_default stacking_default\"><div class=\"vc_col-sm-12 wpb_column vc_column_container\"><div class=\"vc_column-inner\"><div class=\"wpb_wrapper\"><div class=\"wpb_text_column\"><div class=\"wpb_wrapper\"><section id=\"about\" class=\"about\">\n<div class=\"container\">\n<p align=\"justify\"><strong>FOUNDATION FOR WOMEN&#8217;S SOLIDARITY 17. TERM BOARD MEMBERS LIST<\/strong><\/p>\n<p align=\"justify\"><u><b>Full members of the Board of Directors:<\/b><\/u><\/p>\n<div>\n<table style=\"height: 142px;\" width=\"387\">\n<tbody>\n<tr>\n<td width=\"169\">President<\/td>\n<td width=\"154\">Ceren Kalay Eken<\/td>\n<\/tr>\n<tr>\n<td>Vice President<\/td>\n<td>Meltem Ersan<\/td>\n<\/tr>\n<tr>\n<td>Treasurer<\/td>\n<td>\u00c7i\u011fdem Kolot<\/td>\n<\/tr>\n<tr>\n<td>Assistant Treasurer<\/td>\n<td>G\u00fclay Co\u015fkun Tan<\/td>\n<\/tr>\n<tr>\n<td>Secretary General<\/td>\n<td>G\u00fcn\u00e7e \u00c7etin<\/td>\n<\/tr>\n<tr>\n<td>Deputy Secretary General<\/td>\n<td>Merve K\u0131nac\u0131<\/td>\n<\/tr>\n<tr>\n<td>Member<\/td>\n<td>\u0130pek Demirok Tatar<\/td>\n<\/tr>\n<\/tbody>\n<\/table>\n<\/div>\n<div>\n<p><u><br \/>\n<b><br \/>\nFull members of the Supervisory Board:<\/b><br \/>\n<\/u><br \/>\nK\u0131ymet Temu\u00e7in<br \/>\nZekiye Karaca Boz<br \/>\n\u0130mge Meral Yaman<\/p>\n<p><u><br \/>\n<b>Substitute members<\/b><br \/>\n<\/u><br \/>\nCandan Dumrul Kad\u0131yorano\u011flu<\/p>\n<p><b><br \/>\n<u>Full members of the Disciplinary Board:<\/u><br \/>\n<\/b><br \/>\nG\u00fclsen \u00dclker<br \/>\n\u0130lknur Y\u00fcksel Kaptano\u011flu<br \/>\nDilek Al\u0131c\u0131o\u011flu C\u00f6mert<br \/>\n<b><br \/>\n<u><br \/>\nSubstitute members<\/u><br \/>\n<\/b><br \/>\nNihan Damarl\u0131<\/p>\n<\/div>\n<\/div>\n<\/section>\n<\/div><\/div><\/div><\/div><\/div><\/div><\/div><\/section>\n","protected":false},"excerpt":{"rendered":"Board of Directors FOUNDATION FOR WOMEN&#8217;S SOLIDARITY 17. TERM BOARD MEMBERS LIST Full members of the Board of Directors: President Ceren Kalay Eken Vice President Meltem Ersan Treasurer \u00c7i\u011fdem Kolot Assistant Treasurer G\u00fclay Co\u015fkun Tan Secretary General G\u00fcn\u00e7e \u00c7etin Deputy Secretary General Merve K\u0131nac\u0131 Member \u0130pek Demirok Tatar Full members of the Supervisory Board: K\u0131ymet...","protected":false},"author":1,"featured_media":0,"parent":0,"menu_order":0,"comment_status":"closed","ping_status":"closed","template":"","meta":{"_acf_changed":false,"footnotes":""},"class_list":["post-11114","page","type-page","status-publish","hentry"],"acf":[],"yoast_head":"<!-- This site is optimized with the Yoast SEO plugin v26.1.1 - https:\/\/yoast.com\/wordpress\/plugins\/seo\/ -->\n<title>Board of Directors - Kad\u0131n Dayan\u0131\u015fma Vakf\u0131<\/title>\n<meta name=\"robots\" content=\"index, follow, max-snippet:-1, max-image-preview:large, max-video-preview:-1\" \/>\n<link rel=\"canonical\" href=\"https:\/\/www.kadindayanismavakfi.org.tr\/en\/board-of-directors\/\" \/>\n<meta property=\"og:locale\" content=\"en_US\" \/>\n<meta property=\"og:type\" content=\"article\" \/>\n<meta property=\"og:title\" content=\"Board of Directors - Kad\u0131n Dayan\u0131\u015fma Vakf\u0131\" \/>\n<meta property=\"og:url\" content=\"https:\/\/www.kadindayanismavakfi.org.tr\/en\/board-of-directors\/\" \/>\n<meta property=\"og:site_name\" content=\"Kad\u0131n Dayan\u0131\u015fma Vakf\u0131\" \/>\n<meta property=\"article:modified_time\" content=\"2026-02-06T15:12:33+00:00\" \/>\n<meta name=\"twitter:card\" content=\"summary_large_image\" \/>\n<meta name=\"twitter:label1\" content=\"Est. reading time\" \/>\n\t<meta name=\"twitter:data1\" content=\"1 minute\" \/>\n<script type=\"application\/ld+json\" class=\"yoast-schema-graph\">{\"@context\":\"https:\/\/schema.org\",\"@graph\":[{\"@type\":\"WebPage\",\"@id\":\"https:\/\/www.kadindayanismavakfi.org.tr\/en\/board-of-directors\/\",\"url\":\"https:\/\/www.kadindayanismavakfi.org.tr\/en\/board-of-directors\/\",\"name\":\"Board of Directors - Kad\u0131n Dayan\u0131\u015fma Vakf\u0131\",\"isPartOf\":{\"@id\":\"https:\/\/www.kadindayanismavakfi.org.tr\/en\/#website\"},\"datePublished\":\"2025-10-16T10:05:55+00:00\",\"dateModified\":\"2026-02-06T15:12:33+00:00\",\"breadcrumb\":{\"@id\":\"https:\/\/www.kadindayanismavakfi.org.tr\/en\/board-of-directors\/#breadcrumb\"},\"inLanguage\":\"en-US\",\"potentialAction\":[{\"@type\":\"ReadAction\",\"target\":[\"https:\/\/www.kadindayanismavakfi.org.tr\/en\/board-of-directors\/\"]}]},{\"@type\":\"BreadcrumbList\",\"@id\":\"https:\/\/www.kadindayanismavakfi.org.tr\/en\/board-of-directors\/#breadcrumb\",\"itemListElement\":[{\"@type\":\"ListItem\",\"position\":1,\"name\":\"Anasayfa\",\"item\":\"https:\/\/www.kadindayanismavakfi.org.tr\/en\/\"},{\"@type\":\"ListItem\",\"position\":2,\"name\":\"Board of Directors\"}]},{\"@type\":\"WebSite\",\"@id\":\"https:\/\/www.kadindayanismavakfi.org.tr\/en\/#website\",\"url\":\"https:\/\/www.kadindayanismavakfi.org.tr\/en\/\",\"name\":\"Kad\u0131n Dayan\u0131\u015fma Vakf\u0131\",\"description\":\"\",\"potentialAction\":[{\"@type\":\"SearchAction\",\"target\":{\"@type\":\"EntryPoint\",\"urlTemplate\":\"https:\/\/www.kadindayanismavakfi.org.tr\/en\/?s={search_term_string}\"},\"query-input\":{\"@type\":\"PropertyValueSpecification\",\"valueRequired\":true,\"valueName\":\"search_term_string\"}}],\"inLanguage\":\"en-US\"}]}<\/script>\n<!-- \/ Yoast SEO plugin. -->","yoast_head_json":{"title":"Board of Directors - Kad\u0131n Dayan\u0131\u015fma Vakf\u0131","robots":{"index":"index","follow":"follow","max-snippet":"max-snippet:-1","max-image-preview":"max-image-preview:large","max-video-preview":"max-video-preview:-1"},"canonical":"https:\/\/www.kadindayanismavakfi.org.tr\/en\/board-of-directors\/","og_locale":"en_US","og_type":"article","og_title":"Board of Directors - Kad\u0131n Dayan\u0131\u015fma Vakf\u0131","og_url":"https:\/\/www.kadindayanismavakfi.org.tr\/en\/board-of-directors\/","og_site_name":"Kad\u0131n Dayan\u0131\u015fma Vakf\u0131","article_modified_time":"2026-02-06T15:12:33+00:00","twitter_card":"summary_large_image","twitter_misc":{"Est. reading time":"1 minute"},"schema":{"@context":"https:\/\/schema.org","@graph":[{"@type":"WebPage","@id":"https:\/\/www.kadindayanismavakfi.org.tr\/en\/board-of-directors\/","url":"https:\/\/www.kadindayanismavakfi.org.tr\/en\/board-of-directors\/","name":"Board of Directors - Kad\u0131n Dayan\u0131\u015fma Vakf\u0131","isPartOf":{"@id":"https:\/\/www.kadindayanismavakfi.org.tr\/en\/#website"},"datePublished":"2025-10-16T10:05:55+00:00","dateModified":"2026-02-06T15:12:33+00:00","breadcrumb":{"@id":"https:\/\/www.kadindayanismavakfi.org.tr\/en\/board-of-directors\/#breadcrumb"},"inLanguage":"en-US","potentialAction":[{"@type":"ReadAction","target":["https:\/\/www.kadindayanismavakfi.org.tr\/en\/board-of-directors\/"]}]},{"@type":"BreadcrumbList","@id":"https:\/\/www.kadindayanismavakfi.org.tr\/en\/board-of-directors\/#breadcrumb","itemListElement":[{"@type":"ListItem","position":1,"name":"Anasayfa","item":"https:\/\/www.kadindayanismavakfi.org.tr\/en\/"},{"@type":"ListItem","position":2,"name":"Board of Directors"}]},{"@type":"WebSite","@id":"https:\/\/www.kadindayanismavakfi.org.tr\/en\/#website","url":"https:\/\/www.kadindayanismavakfi.org.tr\/en\/","name":"Kad\u0131n Dayan\u0131\u015fma Vakf\u0131","description":"","potentialAction":[{"@type":"SearchAction","target":{"@type":"EntryPoint","urlTemplate":"https:\/\/www.kadindayanismavakfi.org.tr\/en\/?s={search_term_string}"},"query-input":{"@type":"PropertyValueSpecification","valueRequired":true,"valueName":"search_term_string"}}],"inLanguage":"en-US"}]}},"_links":{"self":[{"href":"https:\/\/www.kadindayanismavakfi.org.tr\/en\/wp-json\/wp\/v2\/pages\/11114","targetHints":{"allow":["GET"]}}],"collection":[{"href":"https:\/\/www.kadindayanismavakfi.org.tr\/en\/wp-json\/wp\/v2\/pages"}],"about":[{"href":"https:\/\/www.kadindayanismavakfi.org.tr\/en\/wp-json\/wp\/v2\/types\/page"}],"author":[{"embeddable":true,"href":"https:\/\/www.kadindayanismavakfi.org.tr\/en\/wp-json\/wp\/v2\/users\/1"}],"replies":[{"embeddable":true,"href":"https:\/\/www.kadindayanismavakfi.org.tr\/en\/wp-json\/wp\/v2\/comments?post=11114"}],"version-history":[{"count":10,"href":"https:\/\/www.kadindayanismavakfi.org.tr\/en\/wp-json\/wp\/v2\/pages\/11114\/revisions"}],"predecessor-version":[{"id":11321,"href":"https:\/\/www.kadindayanismavakfi.org.tr\/en\/wp-json\/wp\/v2\/pages\/11114\/revisions\/11321"}],"wp:attachment":[{"href":"https:\/\/www.kadindayanismavakfi.org.tr\/en\/wp-json\/wp\/v2\/media?parent=11114"}],"curies":[{"name":"wp","href":"https:\/\/api.w.org\/{rel}","templated":true}]}}