{"id":11117,"date":"2025-10-16T13:05:56","date_gmt":"2025-10-16T10:05:56","guid":{"rendered":"https:\/\/www.kadindayanismavakfi.org.tr\/confidentiality-and-donor-rights\/"},"modified":"2025-10-16T13:05:59","modified_gmt":"2025-10-16T10:05:59","slug":"confidentiality-and-donor-rights","status":"publish","type":"page","link":"https:\/\/www.kadindayanismavakfi.org.tr\/en\/confidentiality-and-donor-rights\/","title":{"rendered":"Confidentiality and Donor Rights"},"content":{"rendered":"<section class=\"l-section wpb_row height_auto\"><div class=\"l-section-h i-cf\"><div class=\"g-cols vc_row via_flex valign_middle type_default stacking_default\"><div class=\"vc_col-sm-12 wpb_column vc_column_container\"><div class=\"vc_column-inner\"><div class=\"wpb_wrapper\"><div class=\"g-cols wpb_row us_custom_54e97a17 via_flex valign_middle type_default stacking_default\"><div class=\"vc_col-sm-12 wpb_column vc_column_container\"><div class=\"vc_column-inner\"><div class=\"wpb_wrapper\"><div class=\"wpb_text_column us_custom_836f727b has_text_color\"><div class=\"wpb_wrapper\"><h1 style=\"text-align: center;\">Confidentiality and Donor Rights<\/h1>\n<\/div><\/div><\/div><\/div><\/div><\/div><\/div><\/div><\/div><\/div><\/div><\/section><section class=\"l-section wpb_row height_custom\"><div class=\"l-section-h i-cf\"><div class=\"g-cols vc_row via_flex valign_top type_default stacking_default\"><div class=\"vc_col-sm-12 wpb_column vc_column_container\"><div class=\"vc_column-inner\"><div class=\"wpb_wrapper\"><div class=\"wpb_text_column\"><div class=\"wpb_wrapper\"><section id=\"about\" class=\"about\">\n<div class=\"container\">\n<section id=\"about\" class=\"about\">\n<div class=\"container\">\n<section id=\"about\" class=\"about\">\n<div class=\"container\">\n<p>The protection of your personal information is also important to us. You decide which ways you allow us to communicate with you and you can change these preferences at any time. We protect your information scrupulously within the framework of the law and use it as necessary within the framework you allow.  <\/p>\n<p>To stop or change the amount of your regular support, simply send us a message. You can also make any cancellations or changes to your regular support yourself. <strong><br \/>\n  <a href=\"https:\/\/fonzip.com\/kadindayanismavakfi\" target=\"_blank\" rel=\"noopener\">Fonzip Member Donation and Dues Management Program<\/a><br \/>\n<\/strong>by creating an encrypted user registration. <\/p>\n<p>Your credit card information is encrypted in a way that no one can access as soon as you log in to our pages and no one has access to it. All our support pages are encrypted with 256 Bit SSL security protocol and 3D Security System is used in all transactions. <\/p>\n<p>If you have any questions, you can always contact us via our contact details or you can change your preferences yourself <strong><br \/>\n  <a href=\"https:\/\/fonzip.com\/kadindayanismavakfi\" target=\"_blank\" rel=\"noopener\">Donor Management Program<\/a><br \/>\n<\/strong>with your password. You can find more detailed legal information and the Donor Bill of Rights at the links below. <\/p>\n<ul>\n<li><strong><strong><a href=\"https:\/\/www.kadindayanismavakfi.org.tr\/kvkk-yasal-bilgilendirme-metni\/\" target=\"_blank\" rel=\"noopener\">Our Privacy and Personal Data Protection Policy  <\/a><\/strong><\/strong><\/li>\n<li><strong><strong><a href=\"https:\/\/www.kadindayanismavakfi.org.tr\/bagis-iptal-ve-iade-kosullari\/\" target=\"_blank\" rel=\"noopener\">Donation Cancellation Refund Policy  <\/a><\/strong><\/strong><\/li>\n<li><a ref=\"magnificPopup\" href=\"https:\/\/www.kadindayanismavakfi.org.tr\/wp-content\/uploads\/2021\/04\/Bagisci-Haklari-Beyannamesi.png\" target=\"_blank\" rel=\"noopener\"><strong>Donor Bill of Rights  <\/strong><\/a><\/li>\n<\/ul>\n<\/div>\n<\/section>\n<\/div>\n<\/section>\n<\/div>\n<\/section>\n<\/div><\/div><\/div><\/div><\/div><\/div><\/div><\/section>\n","protected":false},"excerpt":{"rendered":"Confidentiality and Donor Rights The protection of your personal information is also important to us. You decide which ways you allow us to communicate with you and you can change these preferences at any time. We protect your information scrupulously within the framework of the law and use it as necessary within the framework you...","protected":false},"author":1,"featured_media":0,"parent":0,"menu_order":0,"comment_status":"closed","ping_status":"closed","template":"","meta":{"_acf_changed":false,"footnotes":""},"class_list":["post-11117","page","type-page","status-publish","hentry"],"acf":[],"yoast_head":"<!-- This site is optimized with the Yoast SEO plugin v26.1.1 - https:\/\/yoast.com\/wordpress\/plugins\/seo\/ -->\n<title>Confidentiality and Donor Rights - Kad\u0131n Dayan\u0131\u015fma Vakf\u0131<\/title>\n<meta name=\"robots\" content=\"index, follow, max-snippet:-1, max-image-preview:large, max-video-preview:-1\" \/>\n<link rel=\"canonical\" href=\"https:\/\/www.kadindayanismavakfi.org.tr\/en\/confidentiality-and-donor-rights\/\" \/>\n<meta property=\"og:locale\" content=\"en_US\" \/>\n<meta property=\"og:type\" content=\"article\" \/>\n<meta property=\"og:title\" content=\"Confidentiality and Donor Rights - Kad\u0131n Dayan\u0131\u015fma Vakf\u0131\" \/>\n<meta property=\"og:url\" content=\"https:\/\/www.kadindayanismavakfi.org.tr\/en\/confidentiality-and-donor-rights\/\" \/>\n<meta property=\"og:site_name\" content=\"Kad\u0131n Dayan\u0131\u015fma Vakf\u0131\" \/>\n<meta property=\"article:modified_time\" content=\"2025-10-16T10:05:59+00:00\" \/>\n<meta name=\"twitter:card\" content=\"summary_large_image\" \/>\n<meta name=\"twitter:label1\" content=\"Est. reading time\" \/>\n\t<meta name=\"twitter:data1\" content=\"1 minute\" \/>\n<script type=\"application\/ld+json\" class=\"yoast-schema-graph\">{\"@context\":\"https:\/\/schema.org\",\"@graph\":[{\"@type\":\"WebPage\",\"@id\":\"https:\/\/www.kadindayanismavakfi.org.tr\/en\/confidentiality-and-donor-rights\/\",\"url\":\"https:\/\/www.kadindayanismavakfi.org.tr\/en\/confidentiality-and-donor-rights\/\",\"name\":\"Confidentiality and Donor Rights - Kad\u0131n Dayan\u0131\u015fma Vakf\u0131\",\"isPartOf\":{\"@id\":\"https:\/\/www.kadindayanismavakfi.org.tr\/en\/#website\"},\"datePublished\":\"2025-10-16T10:05:56+00:00\",\"dateModified\":\"2025-10-16T10:05:59+00:00\",\"breadcrumb\":{\"@id\":\"https:\/\/www.kadindayanismavakfi.org.tr\/en\/confidentiality-and-donor-rights\/#breadcrumb\"},\"inLanguage\":\"en-US\",\"potentialAction\":[{\"@type\":\"ReadAction\",\"target\":[\"https:\/\/www.kadindayanismavakfi.org.tr\/en\/confidentiality-and-donor-rights\/\"]}]},{\"@type\":\"BreadcrumbList\",\"@id\":\"https:\/\/www.kadindayanismavakfi.org.tr\/en\/confidentiality-and-donor-rights\/#breadcrumb\",\"itemListElement\":[{\"@type\":\"ListItem\",\"position\":1,\"name\":\"Anasayfa\",\"item\":\"https:\/\/www.kadindayanismavakfi.org.tr\/en\/\"},{\"@type\":\"ListItem\",\"position\":2,\"name\":\"Confidentiality and Donor Rights\"}]},{\"@type\":\"WebSite\",\"@id\":\"https:\/\/www.kadindayanismavakfi.org.tr\/en\/#website\",\"url\":\"https:\/\/www.kadindayanismavakfi.org.tr\/en\/\",\"name\":\"Kad\u0131n Dayan\u0131\u015fma Vakf\u0131\",\"description\":\"\",\"potentialAction\":[{\"@type\":\"SearchAction\",\"target\":{\"@type\":\"EntryPoint\",\"urlTemplate\":\"https:\/\/www.kadindayanismavakfi.org.tr\/en\/?s={search_term_string}\"},\"query-input\":{\"@type\":\"PropertyValueSpecification\",\"valueRequired\":true,\"valueName\":\"search_term_string\"}}],\"inLanguage\":\"en-US\"}]}<\/script>\n<!-- \/ Yoast SEO plugin. -->","yoast_head_json":{"title":"Confidentiality and Donor Rights - Kad\u0131n Dayan\u0131\u015fma Vakf\u0131","robots":{"index":"index","follow":"follow","max-snippet":"max-snippet:-1","max-image-preview":"max-image-preview:large","max-video-preview":"max-video-preview:-1"},"canonical":"https:\/\/www.kadindayanismavakfi.org.tr\/en\/confidentiality-and-donor-rights\/","og_locale":"en_US","og_type":"article","og_title":"Confidentiality and Donor Rights - Kad\u0131n Dayan\u0131\u015fma Vakf\u0131","og_url":"https:\/\/www.kadindayanismavakfi.org.tr\/en\/confidentiality-and-donor-rights\/","og_site_name":"Kad\u0131n Dayan\u0131\u015fma Vakf\u0131","article_modified_time":"2025-10-16T10:05:59+00:00","twitter_card":"summary_large_image","twitter_misc":{"Est. reading time":"1 minute"},"schema":{"@context":"https:\/\/schema.org","@graph":[{"@type":"WebPage","@id":"https:\/\/www.kadindayanismavakfi.org.tr\/en\/confidentiality-and-donor-rights\/","url":"https:\/\/www.kadindayanismavakfi.org.tr\/en\/confidentiality-and-donor-rights\/","name":"Confidentiality and Donor Rights - Kad\u0131n Dayan\u0131\u015fma Vakf\u0131","isPartOf":{"@id":"https:\/\/www.kadindayanismavakfi.org.tr\/en\/#website"},"datePublished":"2025-10-16T10:05:56+00:00","dateModified":"2025-10-16T10:05:59+00:00","breadcrumb":{"@id":"https:\/\/www.kadindayanismavakfi.org.tr\/en\/confidentiality-and-donor-rights\/#breadcrumb"},"inLanguage":"en-US","potentialAction":[{"@type":"ReadAction","target":["https:\/\/www.kadindayanismavakfi.org.tr\/en\/confidentiality-and-donor-rights\/"]}]},{"@type":"BreadcrumbList","@id":"https:\/\/www.kadindayanismavakfi.org.tr\/en\/confidentiality-and-donor-rights\/#breadcrumb","itemListElement":[{"@type":"ListItem","position":1,"name":"Anasayfa","item":"https:\/\/www.kadindayanismavakfi.org.tr\/en\/"},{"@type":"ListItem","position":2,"name":"Confidentiality and Donor Rights"}]},{"@type":"WebSite","@id":"https:\/\/www.kadindayanismavakfi.org.tr\/en\/#website","url":"https:\/\/www.kadindayanismavakfi.org.tr\/en\/","name":"Kad\u0131n Dayan\u0131\u015fma Vakf\u0131","description":"","potentialAction":[{"@type":"SearchAction","target":{"@type":"EntryPoint","urlTemplate":"https:\/\/www.kadindayanismavakfi.org.tr\/en\/?s={search_term_string}"},"query-input":{"@type":"PropertyValueSpecification","valueRequired":true,"valueName":"search_term_string"}}],"inLanguage":"en-US"}]}},"_links":{"self":[{"href":"https:\/\/www.kadindayanismavakfi.org.tr\/en\/wp-json\/wp\/v2\/pages\/11117","targetHints":{"allow":["GET"]}}],"collection":[{"href":"https:\/\/www.kadindayanismavakfi.org.tr\/en\/wp-json\/wp\/v2\/pages"}],"about":[{"href":"https:\/\/www.kadindayanismavakfi.org.tr\/en\/wp-json\/wp\/v2\/types\/page"}],"author":[{"embeddable":true,"href":"https:\/\/www.kadindayanismavakfi.org.tr\/en\/wp-json\/wp\/v2\/users\/1"}],"replies":[{"embeddable":true,"href":"https:\/\/www.kadindayanismavakfi.org.tr\/en\/wp-json\/wp\/v2\/comments?post=11117"}],"version-history":[{"count":1,"href":"https:\/\/www.kadindayanismavakfi.org.tr\/en\/wp-json\/wp\/v2\/pages\/11117\/revisions"}],"predecessor-version":[{"id":11120,"href":"https:\/\/www.kadindayanismavakfi.org.tr\/en\/wp-json\/wp\/v2\/pages\/11117\/revisions\/11120"}],"wp:attachment":[{"href":"https:\/\/www.kadindayanismavakfi.org.tr\/en\/wp-json\/wp\/v2\/media?parent=11117"}],"curies":[{"name":"wp","href":"https:\/\/api.w.org\/{rel}","templated":true}]}}