{"id":11143,"date":"2025-10-17T16:56:21","date_gmt":"2025-10-17T13:56:21","guid":{"rendered":"https:\/\/www.kadindayanismavakfi.org.tr\/you-have-been-subjected-to-violence-and-want-to-file-a-complaint\/"},"modified":"2026-02-08T21:42:02","modified_gmt":"2026-02-08T18:42:02","slug":"if-you-have-been-subjected-to-violence-and-want-to-file-a-complaint","status":"publish","type":"page","link":"https:\/\/www.kadindayanismavakfi.org.tr\/en\/if-you-have-been-subjected-to-violence-and-want-to-file-a-complaint\/","title":{"rendered":"If you have been subjected to violence and want to file a complaint"},"content":{"rendered":"<section class=\"l-section wpb_row height_auto\"><div class=\"l-section-h i-cf\"><div class=\"g-cols vc_row via_flex valign_top type_default stacking_default\"><div class=\"vc_col-sm-2 wpb_column vc_column_container\"><div class=\"vc_column-inner\"><div class=\"wpb_wrapper\"><\/div><\/div><\/div><div class=\"vc_col-sm-8 wpb_column vc_column_container\"><div class=\"vc_column-inner\"><div class=\"wpb_wrapper\"><div class=\"wpb_text_column\"><div class=\"wpb_wrapper\"><h1>If you have been subjected to violence and want to file a complaint<\/h1>\n<\/div><\/div><div class=\"w-separator size_medium\"><\/div><div class=\"w-video align_none ratio_16x9 has_iframe\"><div class=\"w-video-h\"><iframe title=\"Youtube video player\" src=\"\/\/www.youtube.com\/embed\/JnSW7jY9zvM?autoplay=0&controls=0&origin=https:\/\/www.kadindayanismavakfi.org.tr\/en\/&loop=0&mute=0\" allowfullscreen=\"1\" loading=\"lazy\"><\/iframe><\/div><\/div><div class=\"w-separator size_medium\"><\/div><div class=\"wpb_text_column\"><div class=\"wpb_wrapper\"><p><span class=\"style-scope yt-formatted-string\" dir=\"auto\">You have been subjected to violence and want to file a complaint. <\/span><\/p>\n<p><span class=\"style-scope yt-formatted-string\" dir=\"auto\">You can contact your nearest police or gendarmerie station or prosecutor&#8217;s office. If you cannot leave the house, you can call the 155 Police Hotline. <\/span><\/p>\n<p><span class=\"style-scope yt-formatted-string\" dir=\"auto\">If you have been subjected to physical or sexual violence, you should be quickly referred to a hospital for a battering report when you apply to the police station; if not, ask for a hospital referral first. Read the report, have it corrected if there are any omissions, then sign it and get a copy. <\/span><\/p>\n<p><span class=\"style-scope yt-formatted-string\" dir=\"auto\">If you have applied to the public prosecutor&#8217;s office, make at least two copies of the petition detailing the incident. Make a copy for yourself, dated and signed upon receipt of your petition. <\/span><\/p>\n<p><span class=\"style-scope yt-formatted-string\" dir=\"auto\">If you have applied to the emergency department of a hospital, you can get a battering report from the doctor and file your complaint with the hospital police. <\/span><\/p>\n<p><span class=\"style-scope yt-formatted-string\" dir=\"auto\">You are not helpless in the face of violence against women!<\/span><\/p>\n<\/div><\/div><div class=\"w-separator size_medium\"><\/div><\/div><\/div><\/div><div class=\"vc_col-sm-2 wpb_column vc_column_container\"><div class=\"vc_column-inner\"><div class=\"wpb_wrapper\"><\/div><\/div><\/div><\/div><\/div><\/section>\n","protected":false},"excerpt":{"rendered":"If you have been subjected to violence and want to file a complaint You have been subjected to violence and want to file a complaint. You can contact your nearest police or gendarmerie station or prosecutor&#8217;s office. If you cannot leave the house, you can call the 155 Police Hotline. If you have been subjected...","protected":false},"author":1,"featured_media":0,"parent":0,"menu_order":0,"comment_status":"closed","ping_status":"closed","template":"","meta":{"_acf_changed":false,"footnotes":""},"class_list":["post-11143","page","type-page","status-publish","hentry"],"acf":[],"yoast_head":"<!-- This site is optimized with the Yoast SEO plugin v26.1.1 - https:\/\/yoast.com\/wordpress\/plugins\/seo\/ -->\n<title>If you have been subjected to violence and want to file a complaint - Kad\u0131n Dayan\u0131\u015fma Vakf\u0131<\/title>\n<meta name=\"robots\" content=\"index, follow, max-snippet:-1, max-image-preview:large, max-video-preview:-1\" \/>\n<link rel=\"canonical\" href=\"https:\/\/www.kadindayanismavakfi.org.tr\/en\/if-you-have-been-subjected-to-violence-and-want-to-file-a-complaint\/\" \/>\n<meta property=\"og:locale\" content=\"en_US\" \/>\n<meta property=\"og:type\" content=\"article\" \/>\n<meta property=\"og:title\" content=\"If you have been subjected to violence and want to file a complaint - Kad\u0131n Dayan\u0131\u015fma Vakf\u0131\" \/>\n<meta property=\"og:url\" content=\"https:\/\/www.kadindayanismavakfi.org.tr\/en\/if-you-have-been-subjected-to-violence-and-want-to-file-a-complaint\/\" \/>\n<meta property=\"og:site_name\" content=\"Kad\u0131n Dayan\u0131\u015fma Vakf\u0131\" \/>\n<meta property=\"article:modified_time\" content=\"2026-02-08T18:42:02+00:00\" \/>\n<meta name=\"twitter:card\" content=\"summary_large_image\" \/>\n<meta name=\"twitter:label1\" content=\"Est. reading time\" \/>\n\t<meta name=\"twitter:data1\" content=\"2 minutes\" \/>\n<script type=\"application\/ld+json\" class=\"yoast-schema-graph\">{\"@context\":\"https:\/\/schema.org\",\"@graph\":[{\"@type\":\"WebPage\",\"@id\":\"https:\/\/www.kadindayanismavakfi.org.tr\/en\/if-you-have-been-subjected-to-violence-and-want-to-file-a-complaint\/\",\"url\":\"https:\/\/www.kadindayanismavakfi.org.tr\/en\/if-you-have-been-subjected-to-violence-and-want-to-file-a-complaint\/\",\"name\":\"If you have been subjected to violence and want to file a complaint - Kad\u0131n Dayan\u0131\u015fma Vakf\u0131\",\"isPartOf\":{\"@id\":\"https:\/\/www.kadindayanismavakfi.org.tr\/en\/#website\"},\"datePublished\":\"2025-10-17T13:56:21+00:00\",\"dateModified\":\"2026-02-08T18:42:02+00:00\",\"breadcrumb\":{\"@id\":\"https:\/\/www.kadindayanismavakfi.org.tr\/en\/if-you-have-been-subjected-to-violence-and-want-to-file-a-complaint\/#breadcrumb\"},\"inLanguage\":\"en-US\",\"potentialAction\":[{\"@type\":\"ReadAction\",\"target\":[\"https:\/\/www.kadindayanismavakfi.org.tr\/en\/if-you-have-been-subjected-to-violence-and-want-to-file-a-complaint\/\"]}]},{\"@type\":\"BreadcrumbList\",\"@id\":\"https:\/\/www.kadindayanismavakfi.org.tr\/en\/if-you-have-been-subjected-to-violence-and-want-to-file-a-complaint\/#breadcrumb\",\"itemListElement\":[{\"@type\":\"ListItem\",\"position\":1,\"name\":\"Anasayfa\",\"item\":\"https:\/\/www.kadindayanismavakfi.org.tr\/en\/\"},{\"@type\":\"ListItem\",\"position\":2,\"name\":\"If you have been subjected to violence and want to file a complaint\"}]},{\"@type\":\"WebSite\",\"@id\":\"https:\/\/www.kadindayanismavakfi.org.tr\/en\/#website\",\"url\":\"https:\/\/www.kadindayanismavakfi.org.tr\/en\/\",\"name\":\"Kad\u0131n Dayan\u0131\u015fma Vakf\u0131\",\"description\":\"\",\"potentialAction\":[{\"@type\":\"SearchAction\",\"target\":{\"@type\":\"EntryPoint\",\"urlTemplate\":\"https:\/\/www.kadindayanismavakfi.org.tr\/en\/?s={search_term_string}\"},\"query-input\":{\"@type\":\"PropertyValueSpecification\",\"valueRequired\":true,\"valueName\":\"search_term_string\"}}],\"inLanguage\":\"en-US\"}]}<\/script>\n<!-- \/ Yoast SEO plugin. -->","yoast_head_json":{"title":"If you have been subjected to violence and want to file a complaint - Kad\u0131n Dayan\u0131\u015fma Vakf\u0131","robots":{"index":"index","follow":"follow","max-snippet":"max-snippet:-1","max-image-preview":"max-image-preview:large","max-video-preview":"max-video-preview:-1"},"canonical":"https:\/\/www.kadindayanismavakfi.org.tr\/en\/if-you-have-been-subjected-to-violence-and-want-to-file-a-complaint\/","og_locale":"en_US","og_type":"article","og_title":"If you have been subjected to violence and want to file a complaint - Kad\u0131n Dayan\u0131\u015fma Vakf\u0131","og_url":"https:\/\/www.kadindayanismavakfi.org.tr\/en\/if-you-have-been-subjected-to-violence-and-want-to-file-a-complaint\/","og_site_name":"Kad\u0131n Dayan\u0131\u015fma Vakf\u0131","article_modified_time":"2026-02-08T18:42:02+00:00","twitter_card":"summary_large_image","twitter_misc":{"Est. reading time":"2 minutes"},"schema":{"@context":"https:\/\/schema.org","@graph":[{"@type":"WebPage","@id":"https:\/\/www.kadindayanismavakfi.org.tr\/en\/if-you-have-been-subjected-to-violence-and-want-to-file-a-complaint\/","url":"https:\/\/www.kadindayanismavakfi.org.tr\/en\/if-you-have-been-subjected-to-violence-and-want-to-file-a-complaint\/","name":"If you have been subjected to violence and want to file a complaint - Kad\u0131n Dayan\u0131\u015fma Vakf\u0131","isPartOf":{"@id":"https:\/\/www.kadindayanismavakfi.org.tr\/en\/#website"},"datePublished":"2025-10-17T13:56:21+00:00","dateModified":"2026-02-08T18:42:02+00:00","breadcrumb":{"@id":"https:\/\/www.kadindayanismavakfi.org.tr\/en\/if-you-have-been-subjected-to-violence-and-want-to-file-a-complaint\/#breadcrumb"},"inLanguage":"en-US","potentialAction":[{"@type":"ReadAction","target":["https:\/\/www.kadindayanismavakfi.org.tr\/en\/if-you-have-been-subjected-to-violence-and-want-to-file-a-complaint\/"]}]},{"@type":"BreadcrumbList","@id":"https:\/\/www.kadindayanismavakfi.org.tr\/en\/if-you-have-been-subjected-to-violence-and-want-to-file-a-complaint\/#breadcrumb","itemListElement":[{"@type":"ListItem","position":1,"name":"Anasayfa","item":"https:\/\/www.kadindayanismavakfi.org.tr\/en\/"},{"@type":"ListItem","position":2,"name":"If you have been subjected to violence and want to file a complaint"}]},{"@type":"WebSite","@id":"https:\/\/www.kadindayanismavakfi.org.tr\/en\/#website","url":"https:\/\/www.kadindayanismavakfi.org.tr\/en\/","name":"Kad\u0131n Dayan\u0131\u015fma Vakf\u0131","description":"","potentialAction":[{"@type":"SearchAction","target":{"@type":"EntryPoint","urlTemplate":"https:\/\/www.kadindayanismavakfi.org.tr\/en\/?s={search_term_string}"},"query-input":{"@type":"PropertyValueSpecification","valueRequired":true,"valueName":"search_term_string"}}],"inLanguage":"en-US"}]}},"_links":{"self":[{"href":"https:\/\/www.kadindayanismavakfi.org.tr\/en\/wp-json\/wp\/v2\/pages\/11143","targetHints":{"allow":["GET"]}}],"collection":[{"href":"https:\/\/www.kadindayanismavakfi.org.tr\/en\/wp-json\/wp\/v2\/pages"}],"about":[{"href":"https:\/\/www.kadindayanismavakfi.org.tr\/en\/wp-json\/wp\/v2\/types\/page"}],"author":[{"embeddable":true,"href":"https:\/\/www.kadindayanismavakfi.org.tr\/en\/wp-json\/wp\/v2\/users\/1"}],"replies":[{"embeddable":true,"href":"https:\/\/www.kadindayanismavakfi.org.tr\/en\/wp-json\/wp\/v2\/comments?post=11143"}],"version-history":[{"count":3,"href":"https:\/\/www.kadindayanismavakfi.org.tr\/en\/wp-json\/wp\/v2\/pages\/11143\/revisions"}],"predecessor-version":[{"id":11373,"href":"https:\/\/www.kadindayanismavakfi.org.tr\/en\/wp-json\/wp\/v2\/pages\/11143\/revisions\/11373"}],"wp:attachment":[{"href":"https:\/\/www.kadindayanismavakfi.org.tr\/en\/wp-json\/wp\/v2\/media?parent=11143"}],"curies":[{"name":"wp","href":"https:\/\/api.w.org\/{rel}","templated":true}]}}