{"id":9436,"date":"2021-09-14T14:48:56","date_gmt":"2021-09-14T11:48:56","guid":{"rendered":"https:\/\/www.kadindayanismavakfi.org.tr\/our-principles\/"},"modified":"2025-10-20T10:14:11","modified_gmt":"2025-10-20T07:14:11","slug":"our-principles","status":"publish","type":"page","link":"https:\/\/www.kadindayanismavakfi.org.tr\/en\/our-principles\/","title":{"rendered":"Our principles"},"content":{"rendered":"<section class=\"l-section wpb_row height_auto\"><div class=\"l-section-h i-cf\"><div class=\"g-cols vc_row via_flex valign_middle type_default stacking_default\"><div class=\"vc_col-sm-12 wpb_column vc_column_container\"><div class=\"vc_column-inner\"><div class=\"wpb_wrapper\"><div class=\"g-cols wpb_row us_custom_8155fbb7 via_flex valign_middle type_default stacking_default\"><div class=\"vc_col-sm-12 wpb_column vc_column_container\"><div class=\"vc_column-inner\"><div class=\"wpb_wrapper\"><div class=\"wpb_text_column\"><div class=\"wpb_wrapper\"><h1 style=\"text-align: center;\">Our Principles<\/h1>\n<\/div><\/div><\/div><\/div><\/div><\/div><\/div><\/div><\/div><\/div><\/div><\/section><section class=\"l-section wpb_row height_custom\"><div class=\"l-section-h i-cf\"><div class=\"g-cols vc_row via_flex valign_top type_default stacking_default\"><div class=\"vc_col-sm-12 wpb_column vc_column_container\"><div class=\"vc_column-inner\"><div class=\"wpb_wrapper\"><div class=\"wpb_text_column\"><div class=\"wpb_wrapper\"><ul>\n<li>We believe that a common female consciousness is crucial in the fight against male domination.<\/li>\n<li>We define all aspects of our work and our methods within this work through a feminist perspective.<\/li>\n<li>We place importance on cooperation at local, national and international levels to eliminate violence against women.<\/li>\n<li>We make our decisions\u00a0collectively and with\u00a0methods which ensure that we are all included in the decision-making processes.<\/li>\n<li>We work with nonviolent methods and explore new methods through which everyone can express themselves better.<\/li>\n<li>We carry out our internal processes and maintain our relations with other institutions through horizontal organization.<\/li>\n<li>We try to use our resources towards supporting the personal development of women.<\/li>\n<li>We believe that it is important for women to establish face to face and intimate relationships in order to reach an awareness of women\u2019s common experiences.<\/li>\n<\/ul>\n<p><strong>How does the feminist perspective shape our work?<\/strong><\/p>\n<ul>\n<li>We act on the premise that violence against women is a social problem based on unequal power relations between genders.<\/li>\n<li>We carry out our work with the understanding of &#8220;solidarity, not charity&#8221;.\u00a0We act knowing that the basis of solidarity is to establish equal relations.<\/li>\n<li>We do not see ourselves as \u201csaved\u201d and \u201csaviour\u201d women;\u00a0we do not try to save the women who are exposed to violence but we try to build mutual solidarity and grow stronger together.<\/li>\n<li>We do not blame or judge women for the violence they were subjected to. We act on the premise that violence is never deserved and we do not look for the causes of violence in what women do or don\u2019t do.<\/li>\n<li>We act with the principle of \u201cWomen&#8217;s testimony is fundamental\u201d. When a woman wants to share about the violence she was subjected to, we communicate knowing that the precondition to solidarity with her is to listen to her without judging, blaming or trying to find an inconsistency\/contradiction in her story.<\/li>\n<li>As the Foundation for Women\u2019s Solidarity, we strictly reject all forms of discrimination which can be based on elements such as age, ethnic identity, language, disability, race, sexual orientation, gender identity, financial status, political opinion, religious beliefs and we stand side by side with our diversity throughout all of our work in the Foundation.<\/li>\n<\/ul>\n<\/div><\/div><\/div><\/div><\/div><\/div><\/div><\/section>\n","protected":false},"excerpt":{"rendered":"Our Principles We believe that a common female consciousness is crucial in the fight against male domination. We define all aspects of our work and our methods within this work through a feminist perspective. We place importance on cooperation at local, national and international levels to eliminate violence against women. We make our decisions\u00a0collectively and...","protected":false},"author":1,"featured_media":0,"parent":0,"menu_order":0,"comment_status":"closed","ping_status":"closed","template":"","meta":{"_acf_changed":false,"footnotes":""},"class_list":["post-9436","page","type-page","status-publish","hentry"],"acf":[],"yoast_head":"<!-- This site is optimized with the Yoast SEO plugin v26.1.1 - https:\/\/yoast.com\/wordpress\/plugins\/seo\/ -->\n<title>Our principles - Kad\u0131n Dayan\u0131\u015fma Vakf\u0131<\/title>\n<meta name=\"robots\" content=\"index, follow, max-snippet:-1, max-image-preview:large, max-video-preview:-1\" \/>\n<link rel=\"canonical\" href=\"https:\/\/www.kadindayanismavakfi.org.tr\/en\/our-principles\/\" \/>\n<meta property=\"og:locale\" content=\"en_US\" \/>\n<meta property=\"og:type\" content=\"article\" \/>\n<meta property=\"og:title\" content=\"Our principles - Kad\u0131n Dayan\u0131\u015fma Vakf\u0131\" \/>\n<meta property=\"og:url\" content=\"https:\/\/www.kadindayanismavakfi.org.tr\/en\/our-principles\/\" \/>\n<meta property=\"og:site_name\" content=\"Kad\u0131n Dayan\u0131\u015fma Vakf\u0131\" \/>\n<meta property=\"article:modified_time\" content=\"2025-10-20T07:14:11+00:00\" \/>\n<meta name=\"twitter:card\" content=\"summary_large_image\" \/>\n<meta name=\"twitter:label1\" content=\"Est. reading time\" \/>\n\t<meta name=\"twitter:data1\" content=\"3 minutes\" \/>\n<script type=\"application\/ld+json\" class=\"yoast-schema-graph\">{\"@context\":\"https:\/\/schema.org\",\"@graph\":[{\"@type\":\"WebPage\",\"@id\":\"https:\/\/www.kadindayanismavakfi.org.tr\/en\/our-principles\/\",\"url\":\"https:\/\/www.kadindayanismavakfi.org.tr\/en\/our-principles\/\",\"name\":\"Our principles - Kad\u0131n Dayan\u0131\u015fma Vakf\u0131\",\"isPartOf\":{\"@id\":\"https:\/\/www.kadindayanismavakfi.org.tr\/en\/#website\"},\"datePublished\":\"2021-09-14T11:48:56+00:00\",\"dateModified\":\"2025-10-20T07:14:11+00:00\",\"breadcrumb\":{\"@id\":\"https:\/\/www.kadindayanismavakfi.org.tr\/en\/our-principles\/#breadcrumb\"},\"inLanguage\":\"en-US\",\"potentialAction\":[{\"@type\":\"ReadAction\",\"target\":[\"https:\/\/www.kadindayanismavakfi.org.tr\/en\/our-principles\/\"]}]},{\"@type\":\"BreadcrumbList\",\"@id\":\"https:\/\/www.kadindayanismavakfi.org.tr\/en\/our-principles\/#breadcrumb\",\"itemListElement\":[{\"@type\":\"ListItem\",\"position\":1,\"name\":\"Anasayfa\",\"item\":\"https:\/\/www.kadindayanismavakfi.org.tr\/en\/\"},{\"@type\":\"ListItem\",\"position\":2,\"name\":\"Our principles\"}]},{\"@type\":\"WebSite\",\"@id\":\"https:\/\/www.kadindayanismavakfi.org.tr\/en\/#website\",\"url\":\"https:\/\/www.kadindayanismavakfi.org.tr\/en\/\",\"name\":\"Kad\u0131n Dayan\u0131\u015fma Vakf\u0131\",\"description\":\"\",\"potentialAction\":[{\"@type\":\"SearchAction\",\"target\":{\"@type\":\"EntryPoint\",\"urlTemplate\":\"https:\/\/www.kadindayanismavakfi.org.tr\/en\/?s={search_term_string}\"},\"query-input\":{\"@type\":\"PropertyValueSpecification\",\"valueRequired\":true,\"valueName\":\"search_term_string\"}}],\"inLanguage\":\"en-US\"}]}<\/script>\n<!-- \/ Yoast SEO plugin. -->","yoast_head_json":{"title":"Our principles - Kad\u0131n Dayan\u0131\u015fma Vakf\u0131","robots":{"index":"index","follow":"follow","max-snippet":"max-snippet:-1","max-image-preview":"max-image-preview:large","max-video-preview":"max-video-preview:-1"},"canonical":"https:\/\/www.kadindayanismavakfi.org.tr\/en\/our-principles\/","og_locale":"en_US","og_type":"article","og_title":"Our principles - Kad\u0131n Dayan\u0131\u015fma Vakf\u0131","og_url":"https:\/\/www.kadindayanismavakfi.org.tr\/en\/our-principles\/","og_site_name":"Kad\u0131n Dayan\u0131\u015fma Vakf\u0131","article_modified_time":"2025-10-20T07:14:11+00:00","twitter_card":"summary_large_image","twitter_misc":{"Est. reading time":"3 minutes"},"schema":{"@context":"https:\/\/schema.org","@graph":[{"@type":"WebPage","@id":"https:\/\/www.kadindayanismavakfi.org.tr\/en\/our-principles\/","url":"https:\/\/www.kadindayanismavakfi.org.tr\/en\/our-principles\/","name":"Our principles - Kad\u0131n Dayan\u0131\u015fma Vakf\u0131","isPartOf":{"@id":"https:\/\/www.kadindayanismavakfi.org.tr\/en\/#website"},"datePublished":"2021-09-14T11:48:56+00:00","dateModified":"2025-10-20T07:14:11+00:00","breadcrumb":{"@id":"https:\/\/www.kadindayanismavakfi.org.tr\/en\/our-principles\/#breadcrumb"},"inLanguage":"en-US","potentialAction":[{"@type":"ReadAction","target":["https:\/\/www.kadindayanismavakfi.org.tr\/en\/our-principles\/"]}]},{"@type":"BreadcrumbList","@id":"https:\/\/www.kadindayanismavakfi.org.tr\/en\/our-principles\/#breadcrumb","itemListElement":[{"@type":"ListItem","position":1,"name":"Anasayfa","item":"https:\/\/www.kadindayanismavakfi.org.tr\/en\/"},{"@type":"ListItem","position":2,"name":"Our principles"}]},{"@type":"WebSite","@id":"https:\/\/www.kadindayanismavakfi.org.tr\/en\/#website","url":"https:\/\/www.kadindayanismavakfi.org.tr\/en\/","name":"Kad\u0131n Dayan\u0131\u015fma Vakf\u0131","description":"","potentialAction":[{"@type":"SearchAction","target":{"@type":"EntryPoint","urlTemplate":"https:\/\/www.kadindayanismavakfi.org.tr\/en\/?s={search_term_string}"},"query-input":{"@type":"PropertyValueSpecification","valueRequired":true,"valueName":"search_term_string"}}],"inLanguage":"en-US"}]}},"_links":{"self":[{"href":"https:\/\/www.kadindayanismavakfi.org.tr\/en\/wp-json\/wp\/v2\/pages\/9436","targetHints":{"allow":["GET"]}}],"collection":[{"href":"https:\/\/www.kadindayanismavakfi.org.tr\/en\/wp-json\/wp\/v2\/pages"}],"about":[{"href":"https:\/\/www.kadindayanismavakfi.org.tr\/en\/wp-json\/wp\/v2\/types\/page"}],"author":[{"embeddable":true,"href":"https:\/\/www.kadindayanismavakfi.org.tr\/en\/wp-json\/wp\/v2\/users\/1"}],"replies":[{"embeddable":true,"href":"https:\/\/www.kadindayanismavakfi.org.tr\/en\/wp-json\/wp\/v2\/comments?post=9436"}],"version-history":[{"count":8,"href":"https:\/\/www.kadindayanismavakfi.org.tr\/en\/wp-json\/wp\/v2\/pages\/9436\/revisions"}],"predecessor-version":[{"id":11240,"href":"https:\/\/www.kadindayanismavakfi.org.tr\/en\/wp-json\/wp\/v2\/pages\/9436\/revisions\/11240"}],"wp:attachment":[{"href":"https:\/\/www.kadindayanismavakfi.org.tr\/en\/wp-json\/wp\/v2\/media?parent=9436"}],"curies":[{"name":"wp","href":"https:\/\/api.w.org\/{rel}","templated":true}]}}