{"id":9439,"date":"2021-09-14T14:52:18","date_gmt":"2021-09-14T11:52:18","guid":{"rendered":"https:\/\/www.kadindayanismavakfi.org.tr\/who-are-we\/"},"modified":"2025-10-17T19:21:31","modified_gmt":"2025-10-17T16:21:31","slug":"who-are-we","status":"publish","type":"page","link":"https:\/\/www.kadindayanismavakfi.org.tr\/en\/who-are-we\/","title":{"rendered":"Who are we?"},"content":{"rendered":"<section class=\"l-section wpb_row height_auto\"><div class=\"l-section-h i-cf\"><div class=\"g-cols vc_row via_flex valign_middle type_default stacking_default\"><div class=\"vc_col-sm-12 wpb_column vc_column_container\"><div class=\"vc_column-inner\"><div class=\"wpb_wrapper\"><div class=\"g-cols wpb_row us_custom_8155fbb7 via_flex valign_middle type_default stacking_default\"><div class=\"vc_col-sm-12 wpb_column vc_column_container\"><div class=\"vc_column-inner\"><div class=\"wpb_wrapper\"><div class=\"wpb_text_column\"><div class=\"wpb_wrapper\"><h1 style=\"text-align: center;\">Who Are We?<\/h1>\n<\/div><\/div><\/div><\/div><\/div><\/div><\/div><\/div><\/div><\/div><\/div><\/section><section class=\"l-section wpb_row height_small\"><div class=\"l-section-h i-cf\"><div class=\"g-cols vc_row via_flex valign_top type_default stacking_default\"><div class=\"vc_col-sm-12 wpb_column vc_column_container\"><div class=\"vc_column-inner\"><div class=\"wpb_wrapper\"><div class=\"wpb_text_column\"><div class=\"wpb_wrapper\"><p>The Foundation for Women\u2019s Solidarity is an independent women&#8217;s organization that aims to combat all kinds of violence against women through women&#8217;s solidarity. It establishes solidarity with women who are subjected to violence and works with feminist principles since its official establishment in 1993.<\/p>\n<p>The origin of the Foundation dates back to\u00a0the \u201cWomen\u2019s Debate\u00a0Group\u201d\u00a0formed\u00a0in 1987 by a group of\u00a0activist\u00a0women\u00a0in Ankara.\u00a0This was a group which used to regularly come together through awareness-raising meetings where women\u2019s experiences were shared and it has a\u00a0great importance in the history of the women&#8217;s movement in\u00a0Turkey with respect to its mediating role in the creation of awareness about the prevalence of violence against women.<\/p>\n<p>After the experiences acquired in these meetings, some steps were taken regarding the need for founding a Women\u2019s Counseling Center where women subjected to violence could get free support.<\/p>\n<p>The first of these steps would be Ankara&#8217;s first \u201cWomen&#8217;s Counseling Center\u201d, which was opened in 1991 with the cooperation of a municipality.\u00a0Thus, the first\u00a0cooperation\u00a0between a women&#8217;s non-governmental organization and a local authority\u00a0took place.\u00a0In 1993, when the foundation was officially established, Turkey&#8217;s first feminist Women&#8217;s Shelter was opened, again with the cooperation of a municipality.\u00a0While the shelter activities have ended for various reasons over the years, our independent Women&#8217;s Counseling Center, where we establish solidarity with women who have been subjected to violence, is still active today.<\/p>\n<p>The Foundation for Women&#8217;s Solidarity contributes to social change towards ending the legitimacy of violence against women by generating pressure on women&#8217;s human rights through its work oriented to the public and the media. In addition, it carries out awareness-raising activities through various training programs on combating violence against women, for women who apply to the Women&#8217;s Counseling Center, for Foundation volunteers and professional staff.<\/p>\n<p>The Foundation creates financial resources with donations and member contributions from various institutions, organizations and individuals, continues to exist with the support of volunteers;\u00a0conducts public awareness and advocacy activities on violence against women.<\/p>\n<p>In this context:<\/p>\n<ul>\n<li>We take part in platforms which aim to advocate for the making and implementation of legal regulations for the prevention of violence against women.<\/li>\n<li>We are one of the main components of The Assembly of Women\u2019s Centers and Solidarity Centers, which, since 1998, brings together women\u2019s organizations that combat violence against women in Turkey.<\/li>\n<li>We are a member of the Executive Committee for NGO Forum on CEDAW and Istanbul Convention Turkey Monitoring Platform, which include the NGOs that prepare shadow reports on the official reports of Turkey prepared within the framework of CEDAW and the Istanbul Convention.<\/li>\n<li>We are a component of the Women Against Violence Europe Network (WAVE Network), which brings together women&#8217;s organizations that combat violence against women in Europe.<\/li>\n<li>We are a member of the European Women&#8217;s Lobby (EWL) Turkey\u00a0Coordination, of which we are also on the Executive Board.<\/li>\n<\/ul>\n<\/div><\/div><\/div><\/div><\/div><\/div><\/div><\/section>\n","protected":false},"excerpt":{"rendered":"Who Are We? The Foundation for Women\u2019s Solidarity is an independent women&#8217;s organization that aims to combat all kinds of violence against women through women&#8217;s solidarity. It establishes solidarity with women who are subjected to violence and works with feminist principles since its official establishment in 1993. The origin of the Foundation dates back to\u00a0the...","protected":false},"author":1,"featured_media":0,"parent":0,"menu_order":0,"comment_status":"closed","ping_status":"closed","template":"","meta":{"_acf_changed":false,"footnotes":""},"class_list":["post-9439","page","type-page","status-publish","hentry"],"acf":[],"yoast_head":"<!-- This site is optimized with the Yoast SEO plugin v26.1.1 - https:\/\/yoast.com\/wordpress\/plugins\/seo\/ -->\n<title>Who are we? - Kad\u0131n Dayan\u0131\u015fma Vakf\u0131<\/title>\n<meta name=\"robots\" content=\"index, follow, max-snippet:-1, max-image-preview:large, max-video-preview:-1\" \/>\n<link rel=\"canonical\" href=\"https:\/\/www.kadindayanismavakfi.org.tr\/en\/who-are-we\/\" \/>\n<meta property=\"og:locale\" content=\"en_US\" \/>\n<meta property=\"og:type\" content=\"article\" \/>\n<meta property=\"og:title\" content=\"Who are we? - Kad\u0131n Dayan\u0131\u015fma Vakf\u0131\" \/>\n<meta property=\"og:url\" content=\"https:\/\/www.kadindayanismavakfi.org.tr\/en\/who-are-we\/\" \/>\n<meta property=\"og:site_name\" content=\"Kad\u0131n Dayan\u0131\u015fma Vakf\u0131\" \/>\n<meta property=\"article:modified_time\" content=\"2025-10-17T16:21:31+00:00\" \/>\n<meta name=\"twitter:card\" content=\"summary_large_image\" \/>\n<meta name=\"twitter:label1\" content=\"Est. reading time\" \/>\n\t<meta name=\"twitter:data1\" content=\"3 minutes\" \/>\n<script type=\"application\/ld+json\" class=\"yoast-schema-graph\">{\"@context\":\"https:\/\/schema.org\",\"@graph\":[{\"@type\":\"WebPage\",\"@id\":\"https:\/\/www.kadindayanismavakfi.org.tr\/en\/who-are-we\/\",\"url\":\"https:\/\/www.kadindayanismavakfi.org.tr\/en\/who-are-we\/\",\"name\":\"Who are we? - Kad\u0131n Dayan\u0131\u015fma Vakf\u0131\",\"isPartOf\":{\"@id\":\"https:\/\/www.kadindayanismavakfi.org.tr\/en\/#website\"},\"datePublished\":\"2021-09-14T11:52:18+00:00\",\"dateModified\":\"2025-10-17T16:21:31+00:00\",\"breadcrumb\":{\"@id\":\"https:\/\/www.kadindayanismavakfi.org.tr\/en\/who-are-we\/#breadcrumb\"},\"inLanguage\":\"en-US\",\"potentialAction\":[{\"@type\":\"ReadAction\",\"target\":[\"https:\/\/www.kadindayanismavakfi.org.tr\/en\/who-are-we\/\"]}]},{\"@type\":\"BreadcrumbList\",\"@id\":\"https:\/\/www.kadindayanismavakfi.org.tr\/en\/who-are-we\/#breadcrumb\",\"itemListElement\":[{\"@type\":\"ListItem\",\"position\":1,\"name\":\"Anasayfa\",\"item\":\"https:\/\/www.kadindayanismavakfi.org.tr\/en\/\"},{\"@type\":\"ListItem\",\"position\":2,\"name\":\"Who are we?\"}]},{\"@type\":\"WebSite\",\"@id\":\"https:\/\/www.kadindayanismavakfi.org.tr\/en\/#website\",\"url\":\"https:\/\/www.kadindayanismavakfi.org.tr\/en\/\",\"name\":\"Kad\u0131n Dayan\u0131\u015fma Vakf\u0131\",\"description\":\"\",\"potentialAction\":[{\"@type\":\"SearchAction\",\"target\":{\"@type\":\"EntryPoint\",\"urlTemplate\":\"https:\/\/www.kadindayanismavakfi.org.tr\/en\/?s={search_term_string}\"},\"query-input\":{\"@type\":\"PropertyValueSpecification\",\"valueRequired\":true,\"valueName\":\"search_term_string\"}}],\"inLanguage\":\"en-US\"}]}<\/script>\n<!-- \/ Yoast SEO plugin. -->","yoast_head_json":{"title":"Who are we? - Kad\u0131n Dayan\u0131\u015fma Vakf\u0131","robots":{"index":"index","follow":"follow","max-snippet":"max-snippet:-1","max-image-preview":"max-image-preview:large","max-video-preview":"max-video-preview:-1"},"canonical":"https:\/\/www.kadindayanismavakfi.org.tr\/en\/who-are-we\/","og_locale":"en_US","og_type":"article","og_title":"Who are we? - Kad\u0131n Dayan\u0131\u015fma Vakf\u0131","og_url":"https:\/\/www.kadindayanismavakfi.org.tr\/en\/who-are-we\/","og_site_name":"Kad\u0131n Dayan\u0131\u015fma Vakf\u0131","article_modified_time":"2025-10-17T16:21:31+00:00","twitter_card":"summary_large_image","twitter_misc":{"Est. reading time":"3 minutes"},"schema":{"@context":"https:\/\/schema.org","@graph":[{"@type":"WebPage","@id":"https:\/\/www.kadindayanismavakfi.org.tr\/en\/who-are-we\/","url":"https:\/\/www.kadindayanismavakfi.org.tr\/en\/who-are-we\/","name":"Who are we? - Kad\u0131n Dayan\u0131\u015fma Vakf\u0131","isPartOf":{"@id":"https:\/\/www.kadindayanismavakfi.org.tr\/en\/#website"},"datePublished":"2021-09-14T11:52:18+00:00","dateModified":"2025-10-17T16:21:31+00:00","breadcrumb":{"@id":"https:\/\/www.kadindayanismavakfi.org.tr\/en\/who-are-we\/#breadcrumb"},"inLanguage":"en-US","potentialAction":[{"@type":"ReadAction","target":["https:\/\/www.kadindayanismavakfi.org.tr\/en\/who-are-we\/"]}]},{"@type":"BreadcrumbList","@id":"https:\/\/www.kadindayanismavakfi.org.tr\/en\/who-are-we\/#breadcrumb","itemListElement":[{"@type":"ListItem","position":1,"name":"Anasayfa","item":"https:\/\/www.kadindayanismavakfi.org.tr\/en\/"},{"@type":"ListItem","position":2,"name":"Who are we?"}]},{"@type":"WebSite","@id":"https:\/\/www.kadindayanismavakfi.org.tr\/en\/#website","url":"https:\/\/www.kadindayanismavakfi.org.tr\/en\/","name":"Kad\u0131n Dayan\u0131\u015fma Vakf\u0131","description":"","potentialAction":[{"@type":"SearchAction","target":{"@type":"EntryPoint","urlTemplate":"https:\/\/www.kadindayanismavakfi.org.tr\/en\/?s={search_term_string}"},"query-input":{"@type":"PropertyValueSpecification","valueRequired":true,"valueName":"search_term_string"}}],"inLanguage":"en-US"}]}},"_links":{"self":[{"href":"https:\/\/www.kadindayanismavakfi.org.tr\/en\/wp-json\/wp\/v2\/pages\/9439","targetHints":{"allow":["GET"]}}],"collection":[{"href":"https:\/\/www.kadindayanismavakfi.org.tr\/en\/wp-json\/wp\/v2\/pages"}],"about":[{"href":"https:\/\/www.kadindayanismavakfi.org.tr\/en\/wp-json\/wp\/v2\/types\/page"}],"author":[{"embeddable":true,"href":"https:\/\/www.kadindayanismavakfi.org.tr\/en\/wp-json\/wp\/v2\/users\/1"}],"replies":[{"embeddable":true,"href":"https:\/\/www.kadindayanismavakfi.org.tr\/en\/wp-json\/wp\/v2\/comments?post=9439"}],"version-history":[{"count":8,"href":"https:\/\/www.kadindayanismavakfi.org.tr\/en\/wp-json\/wp\/v2\/pages\/9439\/revisions"}],"predecessor-version":[{"id":11341,"href":"https:\/\/www.kadindayanismavakfi.org.tr\/en\/wp-json\/wp\/v2\/pages\/9439\/revisions\/11341"}],"wp:attachment":[{"href":"https:\/\/www.kadindayanismavakfi.org.tr\/en\/wp-json\/wp\/v2\/media?parent=9439"}],"curies":[{"name":"wp","href":"https:\/\/api.w.org\/{rel}","templated":true}]}}