{"id":9453,"date":"2021-09-14T15:01:14","date_gmt":"2021-09-14T12:01:14","guid":{"rendered":"https:\/\/www.kadindayanismavakfi.org.tr\/news\/"},"modified":"2025-10-17T19:23:17","modified_gmt":"2025-10-17T16:23:17","slug":"news","status":"publish","type":"page","link":"https:\/\/www.kadindayanismavakfi.org.tr\/en\/news\/","title":{"rendered":"News"},"content":{"rendered":"<section class=\"l-section wpb_row height_custom\"><div class=\"l-section-h i-cf\"><div class=\"g-cols vc_row via_flex valign_top type_default stacking_default\"><div class=\"vc_col-sm-12 wpb_column vc_column_container\"><div class=\"vc_column-inner\"><div class=\"wpb_wrapper\"><div class=\"w-grid type_grid layout_8358 cols_3 ratio_1x1\" id=\"us_grid_1\" style=\"--columns:3;--gap:1.5rem;--item-ratio:1;\" data-filterable=\"true\"><style>@media (max-width:1024px){#us_grid_1{--columns:2!important}}@media (max-width:600px){#us_grid_1{--columns:1!important}}.layout_8358 .w-grid-item-h{}.layout_8358 .usg_post_image_1{border:4px solid #7049ba!important}.layout_8358 .usg_post_title_1{margin-top:10 px!important}<\/style><div class=\"w-grid-list\">\t<article class=\"w-grid-item size_1x1 post-9451 post type-post status-publish format-standard has-post-thumbnail hentry category-uncategorized\" data-id=\"9451\">\r\n\t\t<div class=\"w-grid-item-h\">\r\n\t\t\t\t\t\t<div class=\"w-post-elm post_image usg_post_image_1 stretched\"><a href=\"https:\/\/www.kadindayanismavakfi.org.tr\/en\/what-is-being-terminated-is-not-the-istanbul-convention-but-our-right-to-life-the-struggle-is-not-over\/\" aria-label=\"What is being terminated is not the Istanbul Convention, but our right to life! The Struggle is not Over!\"><img loading=\"lazy\" decoding=\"async\" width=\"250\" height=\"138\" src=\"https:\/\/www.kadindayanismavakfi.org.tr\/wp-content\/uploads\/2021\/03\/What-is-being-terminated-is-not-the-Istanbul-Convention-but-our-right-to-life-The-Struggle-is-not-Over.png\" class=\"attachment-us_250_250_crop size-us_250_250_crop wp-post-image\" alt=\"\" srcset=\"https:\/\/www.kadindayanismavakfi.org.tr\/wp-content\/uploads\/2021\/03\/What-is-being-terminated-is-not-the-Istanbul-Convention-but-our-right-to-life-The-Struggle-is-not-Over.png 996w, https:\/\/www.kadindayanismavakfi.org.tr\/wp-content\/uploads\/2021\/03\/What-is-being-terminated-is-not-the-Istanbul-Convention-but-our-right-to-life-The-Struggle-is-not-Over-300x166.png 300w\" sizes=\"auto, (max-width: 250px) 100vw, 250px\" \/><\/a><\/div><p class=\"w-post-elm post_title usg_post_title_1 entry-title color_link_inherit\"><a href=\"https:\/\/www.kadindayanismavakfi.org.tr\/en\/what-is-being-terminated-is-not-the-istanbul-convention-but-our-right-to-life-the-struggle-is-not-over\/\">What is being terminated is not the Istanbul Convention, but our right to life! The Struggle is not Over!<\/a><\/p>\t\t<\/div>\r\n\t\t\t<\/article>\r\n\t<article class=\"w-grid-item size_1x1 post-9448 post type-post status-publish format-standard has-post-thumbnail hentry category-uncategorized\" data-id=\"9448\">\r\n\t\t<div class=\"w-grid-item-h\">\r\n\t\t\t\t\t\t<div class=\"w-post-elm post_image usg_post_image_1 stretched\"><a href=\"https:\/\/www.kadindayanismavakfi.org.tr\/en\/we-stand-with-our-afghan-sisters\/\" aria-label=\"We Stand With Our Afghan Sisters!\"><img loading=\"lazy\" decoding=\"async\" width=\"250\" height=\"209\" src=\"https:\/\/www.kadindayanismavakfi.org.tr\/wp-content\/uploads\/2021\/08\/FoxitReader_tfB55WsnEh.png\" class=\"attachment-us_250_250_crop size-us_250_250_crop wp-post-image\" alt=\"\" srcset=\"https:\/\/www.kadindayanismavakfi.org.tr\/wp-content\/uploads\/2021\/08\/FoxitReader_tfB55WsnEh.png 810w, https:\/\/www.kadindayanismavakfi.org.tr\/wp-content\/uploads\/2021\/08\/FoxitReader_tfB55WsnEh-300x251.png 300w\" sizes=\"auto, (max-width: 250px) 100vw, 250px\" \/><\/a><\/div><p class=\"w-post-elm post_title usg_post_title_1 entry-title color_link_inherit\"><a href=\"https:\/\/www.kadindayanismavakfi.org.tr\/en\/we-stand-with-our-afghan-sisters\/\">We Stand With Our Afghan Sisters!<\/a><\/p>\t\t<\/div>\r\n\t\t\t<\/article>\r\n<\/div><div class=\"w-grid-preloader\">\t<div class=\"g-preloader type_1\">\r\n\t\t<div><\/div>\r\n\t<\/div>\r\n\t<\/div>\t<div class=\"w-grid-json hidden\" onclick='return {&quot;action&quot;:&quot;us_ajax_grid&quot;,&quot;infinite_scroll&quot;:0,&quot;max_num_pages&quot;:1,&quot;pagination&quot;:&quot;none&quot;,&quot;template_vars&quot;:{&quot;columns&quot;:&quot;3&quot;,&quot;exclude_items&quot;:&quot;none&quot;,&quot;img_size&quot;:&quot;us_250_250_crop&quot;,&quot;ignore_items_size&quot;:0,&quot;items_layout&quot;:&quot;8358&quot;,&quot;items_offset&quot;:&quot;1&quot;,&quot;load_animation&quot;:&quot;none&quot;,&quot;overriding_link&quot;:&quot;{\\&quot;url\\&quot;:\\&quot;\\&quot;}&quot;,&quot;post_id&quot;:0,&quot;query_args&quot;:{&quot;post_type&quot;:[&quot;post&quot;],&quot;post_status&quot;:[&quot;publish&quot;,&quot;acf-disabled&quot;],&quot;posts_per_page&quot;:&quot;100&quot;},&quot;orderby_query_args&quot;:{&quot;orderby&quot;:{&quot;date&quot;:&quot;DESC&quot;}},&quot;type&quot;:&quot;grid&quot;,&quot;us_grid_post_type&quot;:&quot;post&quot;,&quot;us_grid_ajax_index&quot;:1,&quot;us_grid_filter_query_string&quot;:null,&quot;us_grid_index&quot;:1,&quot;page_args&quot;:[],&quot;lang&quot;:&quot;en&quot;}}'><\/div>\r\n\t<\/div><\/div><\/div><\/div><\/div><\/div><\/section>\n","protected":false},"excerpt":{"rendered":"As the US and its allies' 20-year occupation of Afghanistan came to an end, the country was taken over by the Taliban, who espoused a fundamentalist interpretation of Islam. The Taliban, who came to power in 1996, adopted a very restrictive and punitive stance towards women in the territories they held until the intervention of...","protected":false},"author":1,"featured_media":0,"parent":0,"menu_order":0,"comment_status":"closed","ping_status":"closed","template":"","meta":{"_acf_changed":false,"footnotes":""},"class_list":["post-9453","page","type-page","status-publish","hentry"],"acf":[],"yoast_head":"<!-- This site is optimized with the Yoast SEO plugin v26.1.1 - https:\/\/yoast.com\/wordpress\/plugins\/seo\/ -->\n<title>News - Kad\u0131n Dayan\u0131\u015fma Vakf\u0131<\/title>\n<meta name=\"description\" content=\"You can access the latest news about the Women&#039;s Solidarity Foundation&#039;s activities on this page.\" \/>\n<meta name=\"robots\" content=\"index, follow, max-snippet:-1, max-image-preview:large, max-video-preview:-1\" \/>\n<link rel=\"canonical\" href=\"https:\/\/www.kadindayanismavakfi.org.tr\/en\/news\/\" \/>\n<meta property=\"og:locale\" content=\"en_US\" \/>\n<meta property=\"og:type\" content=\"article\" \/>\n<meta property=\"og:title\" content=\"News - Kad\u0131n Dayan\u0131\u015fma Vakf\u0131\" \/>\n<meta property=\"og:description\" content=\"You can access the latest news about the Women&#039;s Solidarity Foundation&#039;s activities on this page.\" \/>\n<meta property=\"og:url\" content=\"https:\/\/www.kadindayanismavakfi.org.tr\/en\/news\/\" \/>\n<meta property=\"og:site_name\" content=\"Kad\u0131n Dayan\u0131\u015fma Vakf\u0131\" \/>\n<meta property=\"article:modified_time\" content=\"2025-10-17T16:23:17+00:00\" \/>\n<meta name=\"twitter:card\" content=\"summary_large_image\" \/>\n<script type=\"application\/ld+json\" class=\"yoast-schema-graph\">{\"@context\":\"https:\/\/schema.org\",\"@graph\":[{\"@type\":\"WebPage\",\"@id\":\"https:\/\/www.kadindayanismavakfi.org.tr\/en\/news\/\",\"url\":\"https:\/\/www.kadindayanismavakfi.org.tr\/en\/news\/\",\"name\":\"News - Kad\u0131n Dayan\u0131\u015fma Vakf\u0131\",\"isPartOf\":{\"@id\":\"https:\/\/www.kadindayanismavakfi.org.tr\/en\/#website\"},\"datePublished\":\"2021-09-14T12:01:14+00:00\",\"dateModified\":\"2025-10-17T16:23:17+00:00\",\"description\":\"You can access the latest news about the Women's Solidarity Foundation's activities on this page.\",\"breadcrumb\":{\"@id\":\"https:\/\/www.kadindayanismavakfi.org.tr\/en\/news\/#breadcrumb\"},\"inLanguage\":\"en-US\",\"potentialAction\":[{\"@type\":\"ReadAction\",\"target\":[\"https:\/\/www.kadindayanismavakfi.org.tr\/en\/news\/\"]}]},{\"@type\":\"BreadcrumbList\",\"@id\":\"https:\/\/www.kadindayanismavakfi.org.tr\/en\/news\/#breadcrumb\",\"itemListElement\":[{\"@type\":\"ListItem\",\"position\":1,\"name\":\"Anasayfa\",\"item\":\"https:\/\/www.kadindayanismavakfi.org.tr\/en\/\"},{\"@type\":\"ListItem\",\"position\":2,\"name\":\"News\"}]},{\"@type\":\"WebSite\",\"@id\":\"https:\/\/www.kadindayanismavakfi.org.tr\/en\/#website\",\"url\":\"https:\/\/www.kadindayanismavakfi.org.tr\/en\/\",\"name\":\"Kad\u0131n Dayan\u0131\u015fma Vakf\u0131\",\"description\":\"\",\"potentialAction\":[{\"@type\":\"SearchAction\",\"target\":{\"@type\":\"EntryPoint\",\"urlTemplate\":\"https:\/\/www.kadindayanismavakfi.org.tr\/en\/?s={search_term_string}\"},\"query-input\":{\"@type\":\"PropertyValueSpecification\",\"valueRequired\":true,\"valueName\":\"search_term_string\"}}],\"inLanguage\":\"en-US\"}]}<\/script>\n<!-- \/ Yoast SEO plugin. -->","yoast_head_json":{"title":"News - Kad\u0131n Dayan\u0131\u015fma Vakf\u0131","description":"You can access the latest news about the Women's Solidarity Foundation's activities on this page.","robots":{"index":"index","follow":"follow","max-snippet":"max-snippet:-1","max-image-preview":"max-image-preview:large","max-video-preview":"max-video-preview:-1"},"canonical":"https:\/\/www.kadindayanismavakfi.org.tr\/en\/news\/","og_locale":"en_US","og_type":"article","og_title":"News - Kad\u0131n Dayan\u0131\u015fma Vakf\u0131","og_description":"You can access the latest news about the Women's Solidarity Foundation's activities on this page.","og_url":"https:\/\/www.kadindayanismavakfi.org.tr\/en\/news\/","og_site_name":"Kad\u0131n Dayan\u0131\u015fma Vakf\u0131","article_modified_time":"2025-10-17T16:23:17+00:00","twitter_card":"summary_large_image","schema":{"@context":"https:\/\/schema.org","@graph":[{"@type":"WebPage","@id":"https:\/\/www.kadindayanismavakfi.org.tr\/en\/news\/","url":"https:\/\/www.kadindayanismavakfi.org.tr\/en\/news\/","name":"News - Kad\u0131n Dayan\u0131\u015fma Vakf\u0131","isPartOf":{"@id":"https:\/\/www.kadindayanismavakfi.org.tr\/en\/#website"},"datePublished":"2021-09-14T12:01:14+00:00","dateModified":"2025-10-17T16:23:17+00:00","description":"You can access the latest news about the Women's Solidarity Foundation's activities on this page.","breadcrumb":{"@id":"https:\/\/www.kadindayanismavakfi.org.tr\/en\/news\/#breadcrumb"},"inLanguage":"en-US","potentialAction":[{"@type":"ReadAction","target":["https:\/\/www.kadindayanismavakfi.org.tr\/en\/news\/"]}]},{"@type":"BreadcrumbList","@id":"https:\/\/www.kadindayanismavakfi.org.tr\/en\/news\/#breadcrumb","itemListElement":[{"@type":"ListItem","position":1,"name":"Anasayfa","item":"https:\/\/www.kadindayanismavakfi.org.tr\/en\/"},{"@type":"ListItem","position":2,"name":"News"}]},{"@type":"WebSite","@id":"https:\/\/www.kadindayanismavakfi.org.tr\/en\/#website","url":"https:\/\/www.kadindayanismavakfi.org.tr\/en\/","name":"Kad\u0131n Dayan\u0131\u015fma Vakf\u0131","description":"","potentialAction":[{"@type":"SearchAction","target":{"@type":"EntryPoint","urlTemplate":"https:\/\/www.kadindayanismavakfi.org.tr\/en\/?s={search_term_string}"},"query-input":{"@type":"PropertyValueSpecification","valueRequired":true,"valueName":"search_term_string"}}],"inLanguage":"en-US"}]}},"_links":{"self":[{"href":"https:\/\/www.kadindayanismavakfi.org.tr\/en\/wp-json\/wp\/v2\/pages\/9453","targetHints":{"allow":["GET"]}}],"collection":[{"href":"https:\/\/www.kadindayanismavakfi.org.tr\/en\/wp-json\/wp\/v2\/pages"}],"about":[{"href":"https:\/\/www.kadindayanismavakfi.org.tr\/en\/wp-json\/wp\/v2\/types\/page"}],"author":[{"embeddable":true,"href":"https:\/\/www.kadindayanismavakfi.org.tr\/en\/wp-json\/wp\/v2\/users\/1"}],"replies":[{"embeddable":true,"href":"https:\/\/www.kadindayanismavakfi.org.tr\/en\/wp-json\/wp\/v2\/comments?post=9453"}],"version-history":[{"count":9,"href":"https:\/\/www.kadindayanismavakfi.org.tr\/en\/wp-json\/wp\/v2\/pages\/9453\/revisions"}],"predecessor-version":[{"id":11158,"href":"https:\/\/www.kadindayanismavakfi.org.tr\/en\/wp-json\/wp\/v2\/pages\/9453\/revisions\/11158"}],"wp:attachment":[{"href":"https:\/\/www.kadindayanismavakfi.org.tr\/en\/wp-json\/wp\/v2\/media?parent=9453"}],"curies":[{"name":"wp","href":"https:\/\/api.w.org\/{rel}","templated":true}]}}