{"id":9518,"date":"2021-09-29T15:20:33","date_gmt":"2021-09-29T12:20:33","guid":{"rendered":"https:\/\/www.kadindayanismavakfi.org.tr\/you-can-apply-to-our-womens-counseling-center\/"},"modified":"2021-09-29T16:55:24","modified_gmt":"2021-09-29T13:55:24","slug":"womens-counseling-center","status":"publish","type":"page","link":"https:\/\/www.kadindayanismavakfi.org.tr\/en\/womens-counseling-center\/","title":{"rendered":"Women&#8217;s Counseling Center"},"content":{"rendered":"<section class=\"l-section wpb_row height_custom\"><div class=\"l-section-h i-cf\"><div class=\"g-cols vc_row via_flex valign_top type_default stacking_default\"><div class=\"vc_col-sm-12 wpb_column vc_column_container\"><div class=\"vc_column-inner\"><div class=\"wpb_wrapper\"><div class=\"wpb_text_column\"><div class=\"wpb_wrapper\"><p>Women&#8217;s counseling centers provide women who are subjected to violence with the different forms of support they may need while fighting against this violence. They are the first point of contact where women can have access to free social, legal and psychological support during the process of struggling against violence, where they can share their experiences without being judged, can receive information about their legal rights and the ways of combating violence against women. Volunteer and professional women from different professions may work in the Women&#8217;s Counseling Center.\u00a0It is important to hold a feminist perspective and to apply the feminist principles while carrying out the activities.<\/p>\n<p>In the women&#8217;s counseling center within the Foundation for Women&#8217;s Solidarity, we provide the social, legal and psychological support that women who are subjected to violence may need while fighting this violence on the basis of &#8220;solidarity&#8221;, not &#8220;charity&#8221;, and free of charge. The women who work in our center have sensitivity and awareness of women&#8217;s issues and give priority to the fight against violence against women, and we aspire to offer support in an environment where the applicants will feel comfortable and safe in a relationship of solidarity.<\/p>\n<p><strong>Social Support: <\/strong>It<strong>\u00a0<\/strong>is the process carried out at the women\u2019s counselling center by social workers and the volunteer women from the Foundation. It consists of: making the first interviews with the women who apply to the women&#8217;s counseling center seeking support due to violence, listening to the narrative about the violence they are subjected to &#8211; based on women&#8217;s statements, conducting risk and needs analysis, sharing information on how existing mechanisms and legal rights can be used to move away from violence, planning together with women, by evaluating alternatives in line with their needs and wishes &#8211; and without making decisions on behalf of them, making the necessary referrals and following up the process after the referrals.<\/p>\n<p><strong>Legal Support:\u00a0<\/strong>This support includes sharing legal information according to the needs of the counselee, informing about the mechanisms for combating violence against women and legal rights, and referring them to the relevant institutions.\u00a0Volunteer lawyers of the Foundation for Women&#8217;s Solidarity do not undertake to represent the counselee at the hearings, unless otherwise agreed by the management of the Foundation.<\/p>\n<p><strong>Psychological Support:\u00a0<\/strong>Psychological support is provided to women who are subjected to violence with the purpose of reducing the effects of trauma caused by this violence, balancing women&#8217;s emotional states, enabling them to make decisions about their own lives and in order to grow stronger together.<\/p>\n<\/div><\/div><\/div><\/div><\/div><\/div><\/div><\/section>\n","protected":false},"excerpt":{"rendered":"Women&#8217;s counseling centers provide women who are subjected to violence with the different forms of support they may need while fighting against this violence. They are the first point of contact where women can have access to free social, legal and psychological support during the process of struggling against violence, where they can share their...","protected":false},"author":1,"featured_media":0,"parent":0,"menu_order":0,"comment_status":"closed","ping_status":"closed","template":"","meta":{"_acf_changed":false,"footnotes":""},"class_list":["post-9518","page","type-page","status-publish","hentry"],"acf":[],"yoast_head":"<!-- This site is optimized with the Yoast SEO plugin v26.1.1 - https:\/\/yoast.com\/wordpress\/plugins\/seo\/ -->\n<title>Women&#039;s Counseling Center - Kad\u0131n Dayan\u0131\u015fma Vakf\u0131<\/title>\n<meta name=\"robots\" content=\"index, follow, max-snippet:-1, max-image-preview:large, max-video-preview:-1\" \/>\n<link rel=\"canonical\" href=\"https:\/\/www.kadindayanismavakfi.org.tr\/en\/womens-counseling-center\/\" \/>\n<meta property=\"og:locale\" content=\"en_US\" \/>\n<meta property=\"og:type\" content=\"article\" \/>\n<meta property=\"og:title\" content=\"Women&#039;s Counseling Center - Kad\u0131n Dayan\u0131\u015fma Vakf\u0131\" \/>\n<meta property=\"og:url\" content=\"https:\/\/www.kadindayanismavakfi.org.tr\/en\/womens-counseling-center\/\" \/>\n<meta property=\"og:site_name\" content=\"Kad\u0131n Dayan\u0131\u015fma Vakf\u0131\" \/>\n<meta property=\"article:modified_time\" content=\"2021-09-29T13:55:24+00:00\" \/>\n<meta name=\"twitter:card\" content=\"summary_large_image\" \/>\n<meta name=\"twitter:label1\" content=\"Est. reading time\" \/>\n\t<meta name=\"twitter:data1\" content=\"2 minutes\" \/>\n<script type=\"application\/ld+json\" class=\"yoast-schema-graph\">{\"@context\":\"https:\/\/schema.org\",\"@graph\":[{\"@type\":\"WebPage\",\"@id\":\"https:\/\/www.kadindayanismavakfi.org.tr\/en\/womens-counseling-center\/\",\"url\":\"https:\/\/www.kadindayanismavakfi.org.tr\/en\/womens-counseling-center\/\",\"name\":\"Women's Counseling Center - Kad\u0131n Dayan\u0131\u015fma Vakf\u0131\",\"isPartOf\":{\"@id\":\"https:\/\/www.kadindayanismavakfi.org.tr\/en\/#website\"},\"datePublished\":\"2021-09-29T12:20:33+00:00\",\"dateModified\":\"2021-09-29T13:55:24+00:00\",\"breadcrumb\":{\"@id\":\"https:\/\/www.kadindayanismavakfi.org.tr\/en\/womens-counseling-center\/#breadcrumb\"},\"inLanguage\":\"en-US\",\"potentialAction\":[{\"@type\":\"ReadAction\",\"target\":[\"https:\/\/www.kadindayanismavakfi.org.tr\/en\/womens-counseling-center\/\"]}]},{\"@type\":\"BreadcrumbList\",\"@id\":\"https:\/\/www.kadindayanismavakfi.org.tr\/en\/womens-counseling-center\/#breadcrumb\",\"itemListElement\":[{\"@type\":\"ListItem\",\"position\":1,\"name\":\"Anasayfa\",\"item\":\"https:\/\/www.kadindayanismavakfi.org.tr\/en\/\"},{\"@type\":\"ListItem\",\"position\":2,\"name\":\"Women&#8217;s Counseling Center\"}]},{\"@type\":\"WebSite\",\"@id\":\"https:\/\/www.kadindayanismavakfi.org.tr\/en\/#website\",\"url\":\"https:\/\/www.kadindayanismavakfi.org.tr\/en\/\",\"name\":\"Kad\u0131n Dayan\u0131\u015fma Vakf\u0131\",\"description\":\"\",\"potentialAction\":[{\"@type\":\"SearchAction\",\"target\":{\"@type\":\"EntryPoint\",\"urlTemplate\":\"https:\/\/www.kadindayanismavakfi.org.tr\/en\/?s={search_term_string}\"},\"query-input\":{\"@type\":\"PropertyValueSpecification\",\"valueRequired\":true,\"valueName\":\"search_term_string\"}}],\"inLanguage\":\"en-US\"}]}<\/script>\n<!-- \/ Yoast SEO plugin. -->","yoast_head_json":{"title":"Women's Counseling Center - Kad\u0131n Dayan\u0131\u015fma Vakf\u0131","robots":{"index":"index","follow":"follow","max-snippet":"max-snippet:-1","max-image-preview":"max-image-preview:large","max-video-preview":"max-video-preview:-1"},"canonical":"https:\/\/www.kadindayanismavakfi.org.tr\/en\/womens-counseling-center\/","og_locale":"en_US","og_type":"article","og_title":"Women's Counseling Center - Kad\u0131n Dayan\u0131\u015fma Vakf\u0131","og_url":"https:\/\/www.kadindayanismavakfi.org.tr\/en\/womens-counseling-center\/","og_site_name":"Kad\u0131n Dayan\u0131\u015fma Vakf\u0131","article_modified_time":"2021-09-29T13:55:24+00:00","twitter_card":"summary_large_image","twitter_misc":{"Est. reading time":"2 minutes"},"schema":{"@context":"https:\/\/schema.org","@graph":[{"@type":"WebPage","@id":"https:\/\/www.kadindayanismavakfi.org.tr\/en\/womens-counseling-center\/","url":"https:\/\/www.kadindayanismavakfi.org.tr\/en\/womens-counseling-center\/","name":"Women's Counseling Center - Kad\u0131n Dayan\u0131\u015fma Vakf\u0131","isPartOf":{"@id":"https:\/\/www.kadindayanismavakfi.org.tr\/en\/#website"},"datePublished":"2021-09-29T12:20:33+00:00","dateModified":"2021-09-29T13:55:24+00:00","breadcrumb":{"@id":"https:\/\/www.kadindayanismavakfi.org.tr\/en\/womens-counseling-center\/#breadcrumb"},"inLanguage":"en-US","potentialAction":[{"@type":"ReadAction","target":["https:\/\/www.kadindayanismavakfi.org.tr\/en\/womens-counseling-center\/"]}]},{"@type":"BreadcrumbList","@id":"https:\/\/www.kadindayanismavakfi.org.tr\/en\/womens-counseling-center\/#breadcrumb","itemListElement":[{"@type":"ListItem","position":1,"name":"Anasayfa","item":"https:\/\/www.kadindayanismavakfi.org.tr\/en\/"},{"@type":"ListItem","position":2,"name":"Women&#8217;s Counseling Center"}]},{"@type":"WebSite","@id":"https:\/\/www.kadindayanismavakfi.org.tr\/en\/#website","url":"https:\/\/www.kadindayanismavakfi.org.tr\/en\/","name":"Kad\u0131n Dayan\u0131\u015fma Vakf\u0131","description":"","potentialAction":[{"@type":"SearchAction","target":{"@type":"EntryPoint","urlTemplate":"https:\/\/www.kadindayanismavakfi.org.tr\/en\/?s={search_term_string}"},"query-input":{"@type":"PropertyValueSpecification","valueRequired":true,"valueName":"search_term_string"}}],"inLanguage":"en-US"}]}},"_links":{"self":[{"href":"https:\/\/www.kadindayanismavakfi.org.tr\/en\/wp-json\/wp\/v2\/pages\/9518","targetHints":{"allow":["GET"]}}],"collection":[{"href":"https:\/\/www.kadindayanismavakfi.org.tr\/en\/wp-json\/wp\/v2\/pages"}],"about":[{"href":"https:\/\/www.kadindayanismavakfi.org.tr\/en\/wp-json\/wp\/v2\/types\/page"}],"author":[{"embeddable":true,"href":"https:\/\/www.kadindayanismavakfi.org.tr\/en\/wp-json\/wp\/v2\/users\/1"}],"replies":[{"embeddable":true,"href":"https:\/\/www.kadindayanismavakfi.org.tr\/en\/wp-json\/wp\/v2\/comments?post=9518"}],"version-history":[{"count":3,"href":"https:\/\/www.kadindayanismavakfi.org.tr\/en\/wp-json\/wp\/v2\/pages\/9518\/revisions"}],"predecessor-version":[{"id":9601,"href":"https:\/\/www.kadindayanismavakfi.org.tr\/en\/wp-json\/wp\/v2\/pages\/9518\/revisions\/9601"}],"wp:attachment":[{"href":"https:\/\/www.kadindayanismavakfi.org.tr\/en\/wp-json\/wp\/v2\/media?parent=9518"}],"curies":[{"name":"wp","href":"https:\/\/api.w.org\/{rel}","templated":true}]}}