{"id":9521,"date":"2021-09-29T15:24:28","date_gmt":"2021-09-29T12:24:28","guid":{"rendered":"https:\/\/www.kadindayanismavakfi.org.tr\/advocacy-and-awareness-raising\/"},"modified":"2025-10-20T10:16:10","modified_gmt":"2025-10-20T07:16:10","slug":"advocacy-and-awareness-raising","status":"publish","type":"page","link":"https:\/\/www.kadindayanismavakfi.org.tr\/en\/advocacy-and-awareness-raising\/","title":{"rendered":"Advocacy and Awareness-Raising"},"content":{"rendered":"<section class=\"l-section wpb_row height_auto\"><div class=\"l-section-h i-cf\"><div class=\"g-cols vc_row via_flex valign_middle type_default stacking_default\"><div class=\"vc_col-sm-12 wpb_column vc_column_container\"><div class=\"vc_column-inner\"><div class=\"wpb_wrapper\"><div class=\"g-cols wpb_row us_custom_8155fbb7 via_flex valign_middle type_default stacking_default\"><div class=\"vc_col-sm-12 wpb_column vc_column_container\"><div class=\"vc_column-inner\"><div class=\"wpb_wrapper\"><div class=\"wpb_text_column\"><div class=\"wpb_wrapper\"><h1 style=\"text-align: center;\">Advocacy and Awareness-Raising<\/h1>\n<\/div><\/div><\/div><\/div><\/div><\/div><\/div><\/div><\/div><\/div><\/div><\/section><section class=\"l-section wpb_row height_custom\"><div class=\"l-section-h i-cf\"><div class=\"g-cols vc_row via_flex valign_top type_default stacking_default\"><div class=\"vc_col-sm-12 wpb_column vc_column_container\"><div class=\"vc_column-inner\"><div class=\"wpb_wrapper\"><div class=\"wpb_text_column\"><div class=\"wpb_wrapper\"><p>As the Foundation for Women&#8217;s Solidarity, we combat violence against women and the underlying gender inequality through women&#8217;s solidarity.\u00a0We are in touch\u00a0with the public, media, civil society organizations and public institutions with the purpose of bringing an end to the legitimacy of violence against women and mainstreaming gender equality.<\/p>\n<p>We carry out advocacy activities through visits to institutions, public-civil society joint meetings and monitoring and evaluation reports, to ensure that the political will enacts and implements the relevant legislation, provides financing for services for women and the institutions involved in the mechanisms against violence against women fulfill their responsibilities.<\/p>\n<p>In order to create awareness on gender inequality and the fight against violence against women, we organize workshops for the women who want to volunteer in the Foundation, for the students with whom we come together in high schools and universities, and for the women we meet during our activities in neighborhoods. We carry out activities in cooperation with women\u2019s organizations working in the field of combating violence against women.<\/p>\n<p>We organize trainings for the staff of the relevant units of public institutions and municipalities. We monitor the functioning of mechanisms for combating violence and the implementation of international conventions and accordingly we publish reports. In this way, we bring visibility to women\u2019s experiences while fighting against violence and the challenges they run into in this process, and we advocate for the resolution of problems.<\/p>\n<\/div><\/div><\/div><\/div><\/div><\/div><\/div><\/section>\n","protected":false},"excerpt":{"rendered":"Advocacy and Awareness-Raising As the Foundation for Women&#8217;s Solidarity, we combat violence against women and the underlying gender inequality through women&#8217;s solidarity.\u00a0We are in touch\u00a0with the public, media, civil society organizations and public institutions with the purpose of bringing an end to the legitimacy of violence against women and mainstreaming gender equality. We carry out...","protected":false},"author":1,"featured_media":0,"parent":0,"menu_order":0,"comment_status":"closed","ping_status":"closed","template":"","meta":{"_acf_changed":false,"footnotes":""},"class_list":["post-9521","page","type-page","status-publish","hentry"],"acf":[],"yoast_head":"<!-- This site is optimized with the Yoast SEO plugin v26.1.1 - https:\/\/yoast.com\/wordpress\/plugins\/seo\/ -->\n<title>Advocacy and Awareness-Raising - Kad\u0131n Dayan\u0131\u015fma Vakf\u0131<\/title>\n<meta name=\"robots\" content=\"index, follow, max-snippet:-1, max-image-preview:large, max-video-preview:-1\" \/>\n<link rel=\"canonical\" href=\"https:\/\/www.kadindayanismavakfi.org.tr\/en\/advocacy-and-awareness-raising\/\" \/>\n<meta property=\"og:locale\" content=\"en_US\" \/>\n<meta property=\"og:type\" content=\"article\" \/>\n<meta property=\"og:title\" content=\"Advocacy and Awareness-Raising - Kad\u0131n Dayan\u0131\u015fma Vakf\u0131\" \/>\n<meta property=\"og:url\" content=\"https:\/\/www.kadindayanismavakfi.org.tr\/en\/advocacy-and-awareness-raising\/\" \/>\n<meta property=\"og:site_name\" content=\"Kad\u0131n Dayan\u0131\u015fma Vakf\u0131\" \/>\n<meta property=\"article:modified_time\" content=\"2025-10-20T07:16:10+00:00\" \/>\n<meta name=\"twitter:card\" content=\"summary_large_image\" \/>\n<meta name=\"twitter:label1\" content=\"Est. reading time\" \/>\n\t<meta name=\"twitter:data1\" content=\"2 minutes\" \/>\n<script type=\"application\/ld+json\" class=\"yoast-schema-graph\">{\"@context\":\"https:\/\/schema.org\",\"@graph\":[{\"@type\":\"WebPage\",\"@id\":\"https:\/\/www.kadindayanismavakfi.org.tr\/en\/advocacy-and-awareness-raising\/\",\"url\":\"https:\/\/www.kadindayanismavakfi.org.tr\/en\/advocacy-and-awareness-raising\/\",\"name\":\"Advocacy and Awareness-Raising - Kad\u0131n Dayan\u0131\u015fma Vakf\u0131\",\"isPartOf\":{\"@id\":\"https:\/\/www.kadindayanismavakfi.org.tr\/en\/#website\"},\"datePublished\":\"2021-09-29T12:24:28+00:00\",\"dateModified\":\"2025-10-20T07:16:10+00:00\",\"breadcrumb\":{\"@id\":\"https:\/\/www.kadindayanismavakfi.org.tr\/en\/advocacy-and-awareness-raising\/#breadcrumb\"},\"inLanguage\":\"en-US\",\"potentialAction\":[{\"@type\":\"ReadAction\",\"target\":[\"https:\/\/www.kadindayanismavakfi.org.tr\/en\/advocacy-and-awareness-raising\/\"]}]},{\"@type\":\"BreadcrumbList\",\"@id\":\"https:\/\/www.kadindayanismavakfi.org.tr\/en\/advocacy-and-awareness-raising\/#breadcrumb\",\"itemListElement\":[{\"@type\":\"ListItem\",\"position\":1,\"name\":\"Anasayfa\",\"item\":\"https:\/\/www.kadindayanismavakfi.org.tr\/en\/\"},{\"@type\":\"ListItem\",\"position\":2,\"name\":\"Advocacy and Awareness-Raising\"}]},{\"@type\":\"WebSite\",\"@id\":\"https:\/\/www.kadindayanismavakfi.org.tr\/en\/#website\",\"url\":\"https:\/\/www.kadindayanismavakfi.org.tr\/en\/\",\"name\":\"Kad\u0131n Dayan\u0131\u015fma Vakf\u0131\",\"description\":\"\",\"potentialAction\":[{\"@type\":\"SearchAction\",\"target\":{\"@type\":\"EntryPoint\",\"urlTemplate\":\"https:\/\/www.kadindayanismavakfi.org.tr\/en\/?s={search_term_string}\"},\"query-input\":{\"@type\":\"PropertyValueSpecification\",\"valueRequired\":true,\"valueName\":\"search_term_string\"}}],\"inLanguage\":\"en-US\"}]}<\/script>\n<!-- \/ Yoast SEO plugin. -->","yoast_head_json":{"title":"Advocacy and Awareness-Raising - Kad\u0131n Dayan\u0131\u015fma Vakf\u0131","robots":{"index":"index","follow":"follow","max-snippet":"max-snippet:-1","max-image-preview":"max-image-preview:large","max-video-preview":"max-video-preview:-1"},"canonical":"https:\/\/www.kadindayanismavakfi.org.tr\/en\/advocacy-and-awareness-raising\/","og_locale":"en_US","og_type":"article","og_title":"Advocacy and Awareness-Raising - Kad\u0131n Dayan\u0131\u015fma Vakf\u0131","og_url":"https:\/\/www.kadindayanismavakfi.org.tr\/en\/advocacy-and-awareness-raising\/","og_site_name":"Kad\u0131n Dayan\u0131\u015fma Vakf\u0131","article_modified_time":"2025-10-20T07:16:10+00:00","twitter_card":"summary_large_image","twitter_misc":{"Est. reading time":"2 minutes"},"schema":{"@context":"https:\/\/schema.org","@graph":[{"@type":"WebPage","@id":"https:\/\/www.kadindayanismavakfi.org.tr\/en\/advocacy-and-awareness-raising\/","url":"https:\/\/www.kadindayanismavakfi.org.tr\/en\/advocacy-and-awareness-raising\/","name":"Advocacy and Awareness-Raising - Kad\u0131n Dayan\u0131\u015fma Vakf\u0131","isPartOf":{"@id":"https:\/\/www.kadindayanismavakfi.org.tr\/en\/#website"},"datePublished":"2021-09-29T12:24:28+00:00","dateModified":"2025-10-20T07:16:10+00:00","breadcrumb":{"@id":"https:\/\/www.kadindayanismavakfi.org.tr\/en\/advocacy-and-awareness-raising\/#breadcrumb"},"inLanguage":"en-US","potentialAction":[{"@type":"ReadAction","target":["https:\/\/www.kadindayanismavakfi.org.tr\/en\/advocacy-and-awareness-raising\/"]}]},{"@type":"BreadcrumbList","@id":"https:\/\/www.kadindayanismavakfi.org.tr\/en\/advocacy-and-awareness-raising\/#breadcrumb","itemListElement":[{"@type":"ListItem","position":1,"name":"Anasayfa","item":"https:\/\/www.kadindayanismavakfi.org.tr\/en\/"},{"@type":"ListItem","position":2,"name":"Advocacy and Awareness-Raising"}]},{"@type":"WebSite","@id":"https:\/\/www.kadindayanismavakfi.org.tr\/en\/#website","url":"https:\/\/www.kadindayanismavakfi.org.tr\/en\/","name":"Kad\u0131n Dayan\u0131\u015fma Vakf\u0131","description":"","potentialAction":[{"@type":"SearchAction","target":{"@type":"EntryPoint","urlTemplate":"https:\/\/www.kadindayanismavakfi.org.tr\/en\/?s={search_term_string}"},"query-input":{"@type":"PropertyValueSpecification","valueRequired":true,"valueName":"search_term_string"}}],"inLanguage":"en-US"}]}},"_links":{"self":[{"href":"https:\/\/www.kadindayanismavakfi.org.tr\/en\/wp-json\/wp\/v2\/pages\/9521","targetHints":{"allow":["GET"]}}],"collection":[{"href":"https:\/\/www.kadindayanismavakfi.org.tr\/en\/wp-json\/wp\/v2\/pages"}],"about":[{"href":"https:\/\/www.kadindayanismavakfi.org.tr\/en\/wp-json\/wp\/v2\/types\/page"}],"author":[{"embeddable":true,"href":"https:\/\/www.kadindayanismavakfi.org.tr\/en\/wp-json\/wp\/v2\/users\/1"}],"replies":[{"embeddable":true,"href":"https:\/\/www.kadindayanismavakfi.org.tr\/en\/wp-json\/wp\/v2\/comments?post=9521"}],"version-history":[{"count":5,"href":"https:\/\/www.kadindayanismavakfi.org.tr\/en\/wp-json\/wp\/v2\/pages\/9521\/revisions"}],"predecessor-version":[{"id":11241,"href":"https:\/\/www.kadindayanismavakfi.org.tr\/en\/wp-json\/wp\/v2\/pages\/9521\/revisions\/11241"}],"wp:attachment":[{"href":"https:\/\/www.kadindayanismavakfi.org.tr\/en\/wp-json\/wp\/v2\/media?parent=9521"}],"curies":[{"name":"wp","href":"https:\/\/api.w.org\/{rel}","templated":true}]}}