{"id":9596,"date":"2021-09-29T16:45:19","date_gmt":"2021-09-29T13:45:19","guid":{"rendered":"https:\/\/www.kadindayanismavakfi.org.tr\/iletisim\/"},"modified":"2026-02-06T18:48:26","modified_gmt":"2026-02-06T15:48:26","slug":"contact","status":"publish","type":"page","link":"https:\/\/www.kadindayanismavakfi.org.tr\/en\/contact\/","title":{"rendered":"Contact"},"content":{"rendered":"<section class=\"l-section wpb_row height_custom\"><div class=\"l-section-h i-cf\"><div class=\"g-cols vc_row via_flex valign_top type_default stacking_default\" style=\"--additional-gap:10px;\"><div class=\"vc_col-sm-12 wpb_column vc_column_container\"><div class=\"vc_column-inner\"><div class=\"wpb_wrapper\"><div class=\"wpb_text_column\"><div class=\"wpb_wrapper\"><h3>Contact Information<\/h3>\n<\/div><\/div><div class=\"w-separator size_small\"><\/div><div class=\"w-iconbox iconpos_left style_circle color_primary align_left no_text\"><div class=\"w-iconbox-icon\" style=\"font-size:22px;\"><i class=\"far fa-map-marker-alt\"><\/i><\/div><div class=\"w-iconbox-meta\"><div class=\"w-iconbox-title\">Mithatpa\u015fa Street No: 61\/12 K\u0131z\u0131lay\/Ankara<\/div><\/div><\/div><div class=\"w-separator size_small\"><\/div><div class=\"w-iconbox iconpos_left style_circle color_primary align_left\"><div class=\"w-iconbox-icon\" style=\"font-size:22px;\"><i class=\"far fa-phone\"><\/i><\/div><div class=\"w-iconbox-meta\"><div class=\"w-iconbox-title\">0312 430 40 05 &#8211; 0312 432 07 82<\/div><div class=\"w-iconbox-text\"><p>You can reach our women&#8217;s counseling center on Mondays, Tuesdays, Wednesdays, and Fridays between 10:00 am and 5:00 pm. Our counseling center is closed on Thursdays.<\/p>\n<\/div><\/div><\/div><div class=\"w-separator size_small\"><\/div><div class=\"w-iconbox iconpos_left style_circle color_primary align_left no_text\"><a href=\"mailto:bilgi@kadindayanismavakfi.org.tr\" class=\"w-iconbox-link\" aria-label=\"bilgi@kadindayanismavakfi.org.tr\"><div class=\"w-iconbox-icon\" style=\"font-size:22px;\"><i class=\"far fa-envelope\"><\/i><\/div><\/a><div class=\"w-iconbox-meta\"><div class=\"w-iconbox-title\"><a href=\"mailto:bilgi@kadindayanismavakfi.org.tr\" class=\"w-iconbox-link\" aria-label=\"bilgi@kadindayanismavakfi.org.tr\">bilgi@kadindayanismavakfi.org.tr<\/a><\/div><\/div><\/div><div class=\"w-separator size_medium\"><\/div><div class=\"wpb_text_column\"><div class=\"wpb_wrapper\"><h3>Social Media<\/h3>\n<\/div><\/div><div class=\"w-separator size_small\"><\/div><div class=\"w-socials us_custom_c96a8a09 color_brand shape_rounded style_solid hover_fade\" style=\"--gap:0.1em;\"><div class=\"w-socials-list\"><div class=\"w-socials-item instagram\"><a target=\"_blank\" rel=\"nofollow\" href=\"https:\/\/www.instagram.com\/kadindayanismavakfi\/\" class=\"w-socials-item-link\" aria-label=\"Instagram\"><span class=\"w-socials-item-link-hover\"><\/span><i class=\"fab fa-instagram\"><\/i><\/a><div class=\"w-socials-item-popup\"><span>Instagram<\/span><\/div><\/div><div class=\"w-socials-item linkedin\"><a target=\"_blank\" rel=\"nofollow\" href=\"https:\/\/www.linkedin.com\/company\/kad\u0131n-dayan\u0131\u015fma-vakf\u0131\" class=\"w-socials-item-link\" aria-label=\"LinkedIn\"><span class=\"w-socials-item-link-hover\"><\/span><i class=\"fab fa-linkedin\"><\/i><\/a><div class=\"w-socials-item-popup\"><span>LinkedIn<\/span><\/div><\/div><div class=\"w-socials-item facebook\"><a target=\"_blank\" rel=\"nofollow\" href=\"https:\/\/www.facebook.com\/kadindayanismavakfi\/\" class=\"w-socials-item-link\" aria-label=\"Facebook\"><span class=\"w-socials-item-link-hover\"><\/span><i class=\"fab fa-facebook\"><\/i><\/a><div class=\"w-socials-item-popup\"><span>Facebook<\/span><\/div><\/div><div class=\"w-socials-item twitter\"><a target=\"_blank\" rel=\"nofollow\" href=\"https:\/\/twitter.com\/kadin_dv\" class=\"w-socials-item-link\" aria-label=\"X\"><span class=\"w-socials-item-link-hover\"><\/span><i class=\"fab fa-x-twitter\"><svg style=\"width:1em; margin-bottom:-.1em;\" xmlns=\"http:\/\/www.w3.org\/2000\/svg\" viewBox=\"0 0 512 512\" role=\"presentation\"><path fill=\"currentColor\" d=\"M389.2 48h70.6L305.6 224.2 487 464H345L233.7 318.6 106.5 464H35.8L200.7 275.5 26.8 48H172.4L272.9 180.9 389.2 48zM364.4 421.8h39.1L151.1 88h-42L364.4 421.8z\"\/><\/svg><\/i><\/a><div class=\"w-socials-item-popup\"><span>X<\/span><\/div><\/div><div class=\"w-socials-item youtube\"><a target=\"_blank\" rel=\"nofollow\" href=\"https:\/\/www.youtube.com\/channel\/UCVvrmWPBJ3K6fgISlAXgJ4Q\" class=\"w-socials-item-link\" aria-label=\"YouTube\"><span class=\"w-socials-item-link-hover\"><\/span><i class=\"fab fa-youtube\"><\/i><\/a><div class=\"w-socials-item-popup\"><span>YouTube<\/span><\/div><\/div><\/div><\/div><div class=\"w-separator size_medium\"><\/div>[vc_raw_html]PGlmcmFtZSBzcmM9Imh0dHBzOi8vd3d3Lmdvb2dsZS5jb20vbWFwcy9lbWJlZD9wYj0hMW0xNCExbTghMW0zITFkNjExOS45NjQ4MDU2OTQxNTkhMmQzMi44NTk2MTEhM2QzOS45MTk0MSEzbTIhMWkxMDI0ITJpNzY4ITRmMTMuMSEzbTMhMW0yITFzMHgwJTNBMHg0MDViZDcyYjdlNGFhODE1ITJ6UzJGa3hMRnVJRVJoZVdGdXhMSEZuMjFoSUZaaGEyYkVzUSE1ZTAhM20yITFzdHIhMnN1cyE0djE2MTkwMTQwNDI2ODghNW0yITFzdHIhMnN1cyIgd2lkdGg9IjEwMCUiIGhlaWdodD0iNDUwIiBzdHlsZT0iYm9yZGVyOjA7IiBhbGxvd2Z1bGxzY3JlZW49IiIgbG9hZGluZz0ibGF6eSI+PC9pZnJhbWU+[\/vc_raw_html]<\/div><\/div><\/div><\/div><\/div><\/section><section class=\"l-section wpb_row height_small\"><div class=\"l-section-h i-cf\"><div class=\"g-cols vc_row via_flex valign_top type_default stacking_default\"><div class=\"vc_col-sm-12 wpb_column vc_column_container\"><div class=\"vc_column-inner\"><div class=\"wpb_wrapper\"><\/div><\/div><\/div><\/div><\/div><\/section>\n","protected":false},"excerpt":{"rendered":"Contact Information Mithatpa\u015fa Street No: 61\/12 K\u0131z\u0131lay\/Ankara0312 430 40 05 &#8211; 0312 432 07 82You can reach our women's counseling center on Mondays, Tuesdays, Wednesdays, and Fridays between 10:00 am and 5:00 pm. Our counseling center is closed on Thursdays. bilgi@kadindayanismavakfi.org.trSocial Media InstagramLinkedInFacebookXYouTube[vc_raw_html]PGlmcmFtZSBzcmM9Imh0dHBzOi8vd3d3Lmdvb2dsZS5jb20vbWFwcy9lbWJlZD9wYj0hMW0xNCExbTghMW0zITFkNjExOS45NjQ4MDU2OTQxNTkhMmQzMi44NTk2MTEhM2QzOS45MTk0MSEzbTIhMWkxMDI0ITJpNzY4ITRmMTMuMSEzbTMhMW0yITFzMHgwJTNBMHg0MDViZDcyYjdlNGFhODE1ITJ6UzJGa3hMRnVJRVJoZVdGdXhMSEZuMjFoSUZaaGEyYkVzUSE1ZTAhM20yITFzdHIhMnN1cyE0djE2MTkwMTQwNDI2ODghNW0yITFzdHIhMnN1cyIgd2lkdGg9IjEwMCUiIGhlaWdodD0iNDUwIiBzdHlsZT0iYm9yZGVyOjA7IiBhbGxvd2Z1bGxzY3JlZW49IiIgbG9hZGluZz0ibGF6eSI+PC9pZnJhbWU+[\/vc_raw_html]","protected":false},"author":1,"featured_media":0,"parent":0,"menu_order":0,"comment_status":"closed","ping_status":"closed","template":"","meta":{"_acf_changed":false,"footnotes":""},"class_list":["post-9596","page","type-page","status-publish","hentry"],"acf":[],"yoast_head":"<!-- This site is optimized with the Yoast SEO plugin v26.1.1 - https:\/\/yoast.com\/wordpress\/plugins\/seo\/ -->\n<title>Contact - Kad\u0131n Dayan\u0131\u015fma Vakf\u0131<\/title>\n<meta name=\"robots\" content=\"index, follow, max-snippet:-1, max-image-preview:large, max-video-preview:-1\" \/>\n<link rel=\"canonical\" href=\"https:\/\/www.kadindayanismavakfi.org.tr\/en\/contact\/\" \/>\n<meta property=\"og:locale\" content=\"en_US\" \/>\n<meta property=\"og:type\" content=\"article\" \/>\n<meta property=\"og:title\" content=\"Contact - Kad\u0131n Dayan\u0131\u015fma Vakf\u0131\" \/>\n<meta property=\"og:url\" content=\"https:\/\/www.kadindayanismavakfi.org.tr\/en\/contact\/\" \/>\n<meta property=\"og:site_name\" content=\"Kad\u0131n Dayan\u0131\u015fma Vakf\u0131\" \/>\n<meta property=\"article:modified_time\" content=\"2026-02-06T15:48:26+00:00\" \/>\n<meta name=\"twitter:card\" content=\"summary_large_image\" \/>\n<meta name=\"twitter:label1\" content=\"Est. reading time\" \/>\n\t<meta name=\"twitter:data1\" content=\"1 minute\" \/>\n<script type=\"application\/ld+json\" class=\"yoast-schema-graph\">{\"@context\":\"https:\/\/schema.org\",\"@graph\":[{\"@type\":\"WebPage\",\"@id\":\"https:\/\/www.kadindayanismavakfi.org.tr\/en\/contact\/\",\"url\":\"https:\/\/www.kadindayanismavakfi.org.tr\/en\/contact\/\",\"name\":\"Contact - Kad\u0131n Dayan\u0131\u015fma Vakf\u0131\",\"isPartOf\":{\"@id\":\"https:\/\/www.kadindayanismavakfi.org.tr\/en\/#website\"},\"datePublished\":\"2021-09-29T13:45:19+00:00\",\"dateModified\":\"2026-02-06T15:48:26+00:00\",\"breadcrumb\":{\"@id\":\"https:\/\/www.kadindayanismavakfi.org.tr\/en\/contact\/#breadcrumb\"},\"inLanguage\":\"en-US\",\"potentialAction\":[{\"@type\":\"ReadAction\",\"target\":[\"https:\/\/www.kadindayanismavakfi.org.tr\/en\/contact\/\"]}]},{\"@type\":\"BreadcrumbList\",\"@id\":\"https:\/\/www.kadindayanismavakfi.org.tr\/en\/contact\/#breadcrumb\",\"itemListElement\":[{\"@type\":\"ListItem\",\"position\":1,\"name\":\"Anasayfa\",\"item\":\"https:\/\/www.kadindayanismavakfi.org.tr\/en\/\"},{\"@type\":\"ListItem\",\"position\":2,\"name\":\"Contact\"}]},{\"@type\":\"WebSite\",\"@id\":\"https:\/\/www.kadindayanismavakfi.org.tr\/en\/#website\",\"url\":\"https:\/\/www.kadindayanismavakfi.org.tr\/en\/\",\"name\":\"Kad\u0131n Dayan\u0131\u015fma Vakf\u0131\",\"description\":\"\",\"potentialAction\":[{\"@type\":\"SearchAction\",\"target\":{\"@type\":\"EntryPoint\",\"urlTemplate\":\"https:\/\/www.kadindayanismavakfi.org.tr\/en\/?s={search_term_string}\"},\"query-input\":{\"@type\":\"PropertyValueSpecification\",\"valueRequired\":true,\"valueName\":\"search_term_string\"}}],\"inLanguage\":\"en-US\"}]}<\/script>\n<!-- \/ Yoast SEO plugin. -->","yoast_head_json":{"title":"Contact - Kad\u0131n Dayan\u0131\u015fma Vakf\u0131","robots":{"index":"index","follow":"follow","max-snippet":"max-snippet:-1","max-image-preview":"max-image-preview:large","max-video-preview":"max-video-preview:-1"},"canonical":"https:\/\/www.kadindayanismavakfi.org.tr\/en\/contact\/","og_locale":"en_US","og_type":"article","og_title":"Contact - Kad\u0131n Dayan\u0131\u015fma Vakf\u0131","og_url":"https:\/\/www.kadindayanismavakfi.org.tr\/en\/contact\/","og_site_name":"Kad\u0131n Dayan\u0131\u015fma Vakf\u0131","article_modified_time":"2026-02-06T15:48:26+00:00","twitter_card":"summary_large_image","twitter_misc":{"Est. reading time":"1 minute"},"schema":{"@context":"https:\/\/schema.org","@graph":[{"@type":"WebPage","@id":"https:\/\/www.kadindayanismavakfi.org.tr\/en\/contact\/","url":"https:\/\/www.kadindayanismavakfi.org.tr\/en\/contact\/","name":"Contact - Kad\u0131n Dayan\u0131\u015fma Vakf\u0131","isPartOf":{"@id":"https:\/\/www.kadindayanismavakfi.org.tr\/en\/#website"},"datePublished":"2021-09-29T13:45:19+00:00","dateModified":"2026-02-06T15:48:26+00:00","breadcrumb":{"@id":"https:\/\/www.kadindayanismavakfi.org.tr\/en\/contact\/#breadcrumb"},"inLanguage":"en-US","potentialAction":[{"@type":"ReadAction","target":["https:\/\/www.kadindayanismavakfi.org.tr\/en\/contact\/"]}]},{"@type":"BreadcrumbList","@id":"https:\/\/www.kadindayanismavakfi.org.tr\/en\/contact\/#breadcrumb","itemListElement":[{"@type":"ListItem","position":1,"name":"Anasayfa","item":"https:\/\/www.kadindayanismavakfi.org.tr\/en\/"},{"@type":"ListItem","position":2,"name":"Contact"}]},{"@type":"WebSite","@id":"https:\/\/www.kadindayanismavakfi.org.tr\/en\/#website","url":"https:\/\/www.kadindayanismavakfi.org.tr\/en\/","name":"Kad\u0131n Dayan\u0131\u015fma Vakf\u0131","description":"","potentialAction":[{"@type":"SearchAction","target":{"@type":"EntryPoint","urlTemplate":"https:\/\/www.kadindayanismavakfi.org.tr\/en\/?s={search_term_string}"},"query-input":{"@type":"PropertyValueSpecification","valueRequired":true,"valueName":"search_term_string"}}],"inLanguage":"en-US"}]}},"_links":{"self":[{"href":"https:\/\/www.kadindayanismavakfi.org.tr\/en\/wp-json\/wp\/v2\/pages\/9596","targetHints":{"allow":["GET"]}}],"collection":[{"href":"https:\/\/www.kadindayanismavakfi.org.tr\/en\/wp-json\/wp\/v2\/pages"}],"about":[{"href":"https:\/\/www.kadindayanismavakfi.org.tr\/en\/wp-json\/wp\/v2\/types\/page"}],"author":[{"embeddable":true,"href":"https:\/\/www.kadindayanismavakfi.org.tr\/en\/wp-json\/wp\/v2\/users\/1"}],"replies":[{"embeddable":true,"href":"https:\/\/www.kadindayanismavakfi.org.tr\/en\/wp-json\/wp\/v2\/comments?post=9596"}],"version-history":[{"count":10,"href":"https:\/\/www.kadindayanismavakfi.org.tr\/en\/wp-json\/wp\/v2\/pages\/9596\/revisions"}],"predecessor-version":[{"id":11348,"href":"https:\/\/www.kadindayanismavakfi.org.tr\/en\/wp-json\/wp\/v2\/pages\/9596\/revisions\/11348"}],"wp:attachment":[{"href":"https:\/\/www.kadindayanismavakfi.org.tr\/en\/wp-json\/wp\/v2\/media?parent=9596"}],"curies":[{"name":"wp","href":"https:\/\/api.w.org\/{rel}","templated":true}]}}